{"id":9956,"date":"2020-07-15T18:06:03","date_gmt":"2020-07-15T16:06:03","guid":{"rendered":"https:\/\/caritas.barcelona\/?page_id=9956"},"modified":"2026-03-09T09:23:32","modified_gmt":"2026-03-09T08:23:32","slug":"gestion-economica-contratos-y-convenios","status":"publish","type":"page","link":"https:\/\/caritas.barcelona\/es\/portal-de-transparencia\/gestion-economica-contratos-y-convenios\/","title":{"rendered":"Gesti\u00f3n econ\u00f3mica, contratos y convenios"},"content":{"rendered":"<h4 class=\"ttuc red\">Retribuciones al Consejo Diocesano y al Equipo Directivo<\/h4>\n<p>Durante los ejercicios 2025, 2024 y 2023 los miembros del Consejo Diocesano de la Instituci\u00f3n no han devengado ning\u00fan tipo de retribuci\u00f3n.<\/p>\n<p style=\"font-weight: 400\">Por su parte, las retribuciones percibidas durante el ejercicio 2025 por el equipo Directivo de la Instituci\u00f3n ascendieron a <strong>268.122,45 \u20ac*<\/strong> (<em>2024-282.542,5 euros y 2023-251.199,31 euros<\/em>). En 2025, el equipo Directivo estaba formado por 6 personas (4 hombres y 2 mujeres).<\/p>\n<p style=\"font-weight: 400\">*pendiente auditor\u00eda 2025.<\/p>\n","protected":false},"excerpt":{"rendered":"<p>Retribuciones al Consejo Diocesano y al Equipo Directivo Durante los ejercicios 2025, 2024 y 2023 los miembros del Consejo Diocesano de la Instituci\u00f3n no han devengado ning\u00fan tipo de retribuci\u00f3n. [&hellip;]<\/p>\n","protected":false},"author":1,"featured_media":9828,"parent":9946,"menu_order":0,"comment_status":"closed","ping_status":"closed","template":"page-template-transparencia-gestion.php","meta":{"footnotes":""},"class_list":["post-9956","page","type-page","status-publish","has-post-thumbnail","hentry"],"aioseo_notices":[],"_links":{"self":[{"href":"https:\/\/caritas.barcelona\/es\/wp-json\/wp\/v2\/pages\/9956","targetHints":{"allow":["GET"]}}],"collection":[{"href":"https:\/\/caritas.barcelona\/es\/wp-json\/wp\/v2\/pages"}],"about":[{"href":"https:\/\/caritas.barcelona\/es\/wp-json\/wp\/v2\/types\/page"}],"author":[{"embeddable":true,"href":"https:\/\/caritas.barcelona\/es\/wp-json\/wp\/v2\/users\/1"}],"replies":[{"embeddable":true,"href":"https:\/\/caritas.barcelona\/es\/wp-json\/wp\/v2\/comments?post=9956"}],"version-history":[{"count":17,"href":"https:\/\/caritas.barcelona\/es\/wp-json\/wp\/v2\/pages\/9956\/revisions"}],"predecessor-version":[{"id":17369,"href":"https:\/\/caritas.barcelona\/es\/wp-json\/wp\/v2\/pages\/9956\/revisions\/17369"}],"up":[{"embeddable":true,"href":"https:\/\/caritas.barcelona\/es\/wp-json\/wp\/v2\/pages\/9946"}],"wp:featuredmedia":[{"embeddable":true,"href":"https:\/\/caritas.barcelona\/es\/wp-json\/wp\/v2\/media\/9828"}],"wp:attachment":[{"href":"https:\/\/caritas.barcelona\/es\/wp-json\/wp\/v2\/media?parent=9956"}],"curies":[{"name":"wp","href":"https:\/\/api.w.org\/{rel}","templated":true}]}}