{"id":9950,"date":"2020-07-15T17:38:04","date_gmt":"2020-07-15T15:38:04","guid":{"rendered":"https:\/\/caritas.barcelona\/?page_id=9950"},"modified":"2020-09-14T18:13:17","modified_gmt":"2020-09-14T16:13:17","slug":"informacion-institucional","status":"publish","type":"page","link":"https:\/\/caritas.barcelona\/es\/portal-de-transparencia\/informacion-institucional\/","title":{"rendered":"Informaci\u00f3n institucional"},"content":{"rendered":"<p><span class=\"fs28 fw700\">Visi\u00f3n, misi\u00f3n y valores<\/span><br \/>\nNuestra misi\u00f3n es acoger y trabajar con las personas en situaci\u00f3n de pobreza y necesidad, ayud\u00e1ndolas a salir de la situaci\u00f3n de sufrimiento, ofrecerlos herramientas y recursos porque se sientan m\u00e1s confiadas y seguras y puedan liderar por s\u00ed mismas su proyecto de vida.<\/p>\n<p>Los objetivos de C\u00e1ritas son promover, orientar y coordinar la acci\u00f3n social; sensibilizar la sociedad y denunciar situaciones de injusticia social.<\/p>\n<p>&nbsp;<\/p>\n<p><a class=\"btn bg-red white donativo\" href=\"https:\/\/caritas.barcelona\/es\/quienes-somos\/\">Ver m\u00e1s<\/a><\/p>\n","protected":false},"excerpt":{"rendered":"<p>Visi\u00f3n, misi\u00f3n y valores Nuestra misi\u00f3n es acoger y trabajar con las personas en situaci\u00f3n de pobreza y necesidad, ayud\u00e1ndolas a salir de la situaci\u00f3n de sufrimiento, ofrecerlos herramientas y [&hellip;]<\/p>\n","protected":false},"author":1,"featured_media":9824,"parent":9946,"menu_order":0,"comment_status":"closed","ping_status":"closed","template":"page-template-transparencia-institucional.php","meta":{"footnotes":""},"class_list":["post-9950","page","type-page","status-publish","has-post-thumbnail","hentry"],"aioseo_notices":[],"_links":{"self":[{"href":"https:\/\/caritas.barcelona\/es\/wp-json\/wp\/v2\/pages\/9950","targetHints":{"allow":["GET"]}}],"collection":[{"href":"https:\/\/caritas.barcelona\/es\/wp-json\/wp\/v2\/pages"}],"about":[{"href":"https:\/\/caritas.barcelona\/es\/wp-json\/wp\/v2\/types\/page"}],"author":[{"embeddable":true,"href":"https:\/\/caritas.barcelona\/es\/wp-json\/wp\/v2\/users\/1"}],"replies":[{"embeddable":true,"href":"https:\/\/caritas.barcelona\/es\/wp-json\/wp\/v2\/comments?post=9950"}],"version-history":[{"count":6,"href":"https:\/\/caritas.barcelona\/es\/wp-json\/wp\/v2\/pages\/9950\/revisions"}],"predecessor-version":[{"id":10009,"href":"https:\/\/caritas.barcelona\/es\/wp-json\/wp\/v2\/pages\/9950\/revisions\/10009"}],"up":[{"embeddable":true,"href":"https:\/\/caritas.barcelona\/es\/wp-json\/wp\/v2\/pages\/9946"}],"wp:featuredmedia":[{"embeddable":true,"href":"https:\/\/caritas.barcelona\/es\/wp-json\/wp\/v2\/media\/9824"}],"wp:attachment":[{"href":"https:\/\/caritas.barcelona\/es\/wp-json\/wp\/v2\/media?parent=9950"}],"curies":[{"name":"wp","href":"https:\/\/api.w.org\/{rel}","templated":true}]}}