{"id":9733,"date":"2020-06-17T12:01:22","date_gmt":"2020-06-17T10:01:22","guid":{"rendered":"https:\/\/caritas.barcelona\/?page_id=9733"},"modified":"2020-06-19T10:27:41","modified_gmt":"2020-06-19T08:27:41","slug":"especial-covid-19","status":"publish","type":"page","link":"https:\/\/caritas.barcelona\/es\/observatorio\/especial-covid-19\/","title":{"rendered":"Especial COVID-19"},"content":{"rendered":"<p>La crisis sanitaria global de la COVID-19 acarrear\u00e1 una crisis social sin precedentes, en la que las personas que ya estaban en situaci\u00f3n de exclusi\u00f3n social ser\u00e1n las m\u00e1s perjudicadas.<\/p>\n<p>Hablamos de 1,5 millones de personas en Catalu\u00f1a, seg\u00fan las \u00faltimas estimaciones del VIII Informe sobre exclusi\u00f3n y desarrollo social de la Fundaci\u00f3n Foessa. A esta cifra hay que a\u00f1adir 1 mill\u00f3n de personas m\u00e1s, la \u201csociedad insegura\u201d, que estaban en situaci\u00f3n de precariedad y, debido a este cambio de escenario, un gran n\u00famero de ellas pasar\u00e1 a formar parte de la sociedad en situaci\u00f3n de exclusi\u00f3n.<\/p>\n","protected":false},"excerpt":{"rendered":"<p>La crisis sanitaria global de la COVID-19 acarrear\u00e1 una crisis social sin precedentes, en la que las personas que ya estaban en situaci\u00f3n de exclusi\u00f3n social ser\u00e1n las m\u00e1s perjudicadas. [&hellip;]<\/p>\n","protected":false},"author":1,"featured_media":9776,"parent":8683,"menu_order":0,"comment_status":"closed","ping_status":"closed","template":"page-template-observatori-realitat-social-subseccio.php","meta":{"footnotes":""},"class_list":["post-9733","page","type-page","status-publish","has-post-thumbnail","hentry"],"aioseo_notices":[],"_links":{"self":[{"href":"https:\/\/caritas.barcelona\/es\/wp-json\/wp\/v2\/pages\/9733","targetHints":{"allow":["GET"]}}],"collection":[{"href":"https:\/\/caritas.barcelona\/es\/wp-json\/wp\/v2\/pages"}],"about":[{"href":"https:\/\/caritas.barcelona\/es\/wp-json\/wp\/v2\/types\/page"}],"author":[{"embeddable":true,"href":"https:\/\/caritas.barcelona\/es\/wp-json\/wp\/v2\/users\/1"}],"replies":[{"embeddable":true,"href":"https:\/\/caritas.barcelona\/es\/wp-json\/wp\/v2\/comments?post=9733"}],"version-history":[{"count":3,"href":"https:\/\/caritas.barcelona\/es\/wp-json\/wp\/v2\/pages\/9733\/revisions"}],"predecessor-version":[{"id":9785,"href":"https:\/\/caritas.barcelona\/es\/wp-json\/wp\/v2\/pages\/9733\/revisions\/9785"}],"up":[{"embeddable":true,"href":"https:\/\/caritas.barcelona\/es\/wp-json\/wp\/v2\/pages\/8683"}],"wp:featuredmedia":[{"embeddable":true,"href":"https:\/\/caritas.barcelona\/es\/wp-json\/wp\/v2\/media\/9776"}],"wp:attachment":[{"href":"https:\/\/caritas.barcelona\/es\/wp-json\/wp\/v2\/media?parent=9733"}],"curies":[{"name":"wp","href":"https:\/\/api.w.org\/{rel}","templated":true}]}}