{"id":8943,"date":"2019-12-16T16:13:27","date_gmt":"2019-12-16T15:13:27","guid":{"rendered":"https:\/\/caritas.barcelona\/?page_id=8943"},"modified":"2020-06-22T11:45:06","modified_gmt":"2020-06-22T09:45:06","slug":"nuestro-analisis","status":"publish","type":"page","link":"https:\/\/caritas.barcelona\/es\/observatorio\/nuestro-analisis\/","title":{"rendered":"Nuestro an\u00e1lisis"},"content":{"rendered":"<p><strong class=\"fs28\">Qu\u00e9 decimos<\/strong><br \/>\nA partir de los indicadores de las encuestas del Instituto Nacional de Estad\u00edstica, Eurostat, Fundaci\u00f3n FOESSA, ya partir de los principios de la Doctrina Social de la Iglesia, realizamos nuestros an\u00e1lisis, poniendo el foco en las personas que se encuentran en situaci\u00f3n de exclusi\u00f3n social. Realizamos estudios monogr\u00e1ficos y an\u00e1lisis peri\u00f3dicos de los indicadores que encontramos de relevancia.https:\/\/caritas.barcelona\/wp-admin\/post.php?post=8890&#038;action=edit&#038;message=1&#038;lang=ca&#038;admin_bar=1<\/p>\n","protected":false},"excerpt":{"rendered":"<p>Qu\u00e9 decimos A partir de los indicadores de las encuestas del Instituto Nacional de Estad\u00edstica, Eurostat, Fundaci\u00f3n FOESSA, ya partir de los principios de la Doctrina Social de la Iglesia, [&hellip;]<\/p>\n","protected":false},"author":1,"featured_media":8880,"parent":8683,"menu_order":0,"comment_status":"closed","ping_status":"closed","template":"page-template-observatori-realitat-social-actualitat.php","meta":{"footnotes":""},"class_list":["post-8943","page","type-page","status-publish","has-post-thumbnail","hentry"],"aioseo_notices":[],"_links":{"self":[{"href":"https:\/\/caritas.barcelona\/es\/wp-json\/wp\/v2\/pages\/8943","targetHints":{"allow":["GET"]}}],"collection":[{"href":"https:\/\/caritas.barcelona\/es\/wp-json\/wp\/v2\/pages"}],"about":[{"href":"https:\/\/caritas.barcelona\/es\/wp-json\/wp\/v2\/types\/page"}],"author":[{"embeddable":true,"href":"https:\/\/caritas.barcelona\/es\/wp-json\/wp\/v2\/users\/1"}],"replies":[{"embeddable":true,"href":"https:\/\/caritas.barcelona\/es\/wp-json\/wp\/v2\/comments?post=8943"}],"version-history":[{"count":4,"href":"https:\/\/caritas.barcelona\/es\/wp-json\/wp\/v2\/pages\/8943\/revisions"}],"predecessor-version":[{"id":9794,"href":"https:\/\/caritas.barcelona\/es\/wp-json\/wp\/v2\/pages\/8943\/revisions\/9794"}],"up":[{"embeddable":true,"href":"https:\/\/caritas.barcelona\/es\/wp-json\/wp\/v2\/pages\/8683"}],"wp:featuredmedia":[{"embeddable":true,"href":"https:\/\/caritas.barcelona\/es\/wp-json\/wp\/v2\/media\/8880"}],"wp:attachment":[{"href":"https:\/\/caritas.barcelona\/es\/wp-json\/wp\/v2\/media?parent=8943"}],"curies":[{"name":"wp","href":"https:\/\/api.w.org\/{rel}","templated":true}]}}