{"id":88,"date":"2017-04-24T13:33:36","date_gmt":"2017-04-24T13:33:36","guid":{"rendered":"https:\/\/caritas.barcelona\/?page_id=88\/"},"modified":"2025-05-08T17:17:04","modified_gmt":"2025-05-08T15:17:04","slug":"orientaciones-estrategicas","status":"publish","type":"page","link":"https:\/\/caritas.barcelona\/es\/orientaciones-estrategicas\/","title":{"rendered":"Orientaciones estrat\u00e9gicas"},"content":{"rendered":"<p><span class=\"jCAhz ChMk0b\"><span class=\"ryNqvb\">C\u00e1ritas Diocesana de Barcelona trabaja en cuatro orientaciones estrat\u00e9gicas: la Acci\u00f3n social transformadora y sostenible, la Comunidad y participaci\u00f3n, el Voluntariado y donantes y la Cohesi\u00f3n con entidades hermanas<\/span><\/span><\/p>\n<p><span class=\"jCAhz ChMk0b\"><span class=\"ryNqvb\">El <strong>trabajo en red<\/strong>, la <strong>participaci\u00f3n<\/strong>, la <strong>innovaci\u00f3n<\/strong> y la<strong> ecolog\u00eda<\/strong> son ejes transversales que queremos que impregnen todas nuestras acciones y objetivos, desarrollados dentro de las cuatro orientaciones estrat\u00e9gicas.<\/span><\/span><\/p>\n","protected":false},"excerpt":{"rendered":"<p>C\u00e1ritas Diocesana de Barcelona trabaja en cuatro orientaciones estrat\u00e9gicas: la Acci\u00f3n social transformadora y sostenible, la Comunidad y participaci\u00f3n, el Voluntariado y donantes y la Cohesi\u00f3n con entidades hermanas El [&hellip;]<\/p>\n","protected":false},"author":1,"featured_media":893,"parent":0,"menu_order":0,"comment_status":"closed","ping_status":"closed","template":"page-template-eixos-estrategics.php","meta":{"footnotes":""},"class_list":["post-88","page","type-page","status-publish","has-post-thumbnail","hentry"],"aioseo_notices":[],"_links":{"self":[{"href":"https:\/\/caritas.barcelona\/es\/wp-json\/wp\/v2\/pages\/88","targetHints":{"allow":["GET"]}}],"collection":[{"href":"https:\/\/caritas.barcelona\/es\/wp-json\/wp\/v2\/pages"}],"about":[{"href":"https:\/\/caritas.barcelona\/es\/wp-json\/wp\/v2\/types\/page"}],"author":[{"embeddable":true,"href":"https:\/\/caritas.barcelona\/es\/wp-json\/wp\/v2\/users\/1"}],"replies":[{"embeddable":true,"href":"https:\/\/caritas.barcelona\/es\/wp-json\/wp\/v2\/comments?post=88"}],"version-history":[{"count":6,"href":"https:\/\/caritas.barcelona\/es\/wp-json\/wp\/v2\/pages\/88\/revisions"}],"predecessor-version":[{"id":16196,"href":"https:\/\/caritas.barcelona\/es\/wp-json\/wp\/v2\/pages\/88\/revisions\/16196"}],"wp:featuredmedia":[{"embeddable":true,"href":"https:\/\/caritas.barcelona\/es\/wp-json\/wp\/v2\/media\/893"}],"wp:attachment":[{"href":"https:\/\/caritas.barcelona\/es\/wp-json\/wp\/v2\/media?parent=88"}],"curies":[{"name":"wp","href":"https:\/\/api.w.org\/{rel}","templated":true}]}}