{"id":80,"date":"2017-04-24T13:31:48","date_gmt":"2017-04-24T13:31:48","guid":{"rendered":"https:\/\/caritas.barcelona\/?page_id=80\/"},"modified":"2025-01-23T09:43:13","modified_gmt":"2025-01-23T08:43:13","slug":"necesitas-ayuda","status":"publish","type":"page","link":"https:\/\/caritas.barcelona\/es\/necesitas-ayuda\/","title":{"rendered":"\u00bfNecesitas ayuda?"},"content":{"rendered":"<p>Tambi\u00e9n puedes buscar en el mapa, seg\u00fan tu direcci\u00f3n actual, el centro que te corresponde y contacta directamente con \u00e9l para exponer tu situaci\u00f3n y que te orienten. Para cualquier otra consulta, puedes escribirnos a trav\u00e9s del formulario que encontrar\u00e1s debajo del mapa. Te pedimos que, en este caso, nos dejes alg\u00fan dato de contacto (tel\u00e9fono o correo electr\u00f3nico) para que nos podamos poner en contacto contigo. Te contestaremos: \u00a1nos importas!<\/p>\n","protected":false},"excerpt":{"rendered":"<p>Tambi\u00e9n puedes buscar en el mapa, seg\u00fan tu direcci\u00f3n actual, el centro que te corresponde y contacta directamente con \u00e9l para exponer tu situaci\u00f3n y que te orienten. Para cualquier [&hellip;]<\/p>\n","protected":false},"author":1,"featured_media":534,"parent":0,"menu_order":0,"comment_status":"closed","ping_status":"closed","template":"page-template-necesitas-ayuda.php","meta":{"footnotes":""},"class_list":["post-80","page","type-page","status-publish","has-post-thumbnail","hentry"],"aioseo_notices":[],"_links":{"self":[{"href":"https:\/\/caritas.barcelona\/es\/wp-json\/wp\/v2\/pages\/80","targetHints":{"allow":["GET"]}}],"collection":[{"href":"https:\/\/caritas.barcelona\/es\/wp-json\/wp\/v2\/pages"}],"about":[{"href":"https:\/\/caritas.barcelona\/es\/wp-json\/wp\/v2\/types\/page"}],"author":[{"embeddable":true,"href":"https:\/\/caritas.barcelona\/es\/wp-json\/wp\/v2\/users\/1"}],"replies":[{"embeddable":true,"href":"https:\/\/caritas.barcelona\/es\/wp-json\/wp\/v2\/comments?post=80"}],"version-history":[{"count":4,"href":"https:\/\/caritas.barcelona\/es\/wp-json\/wp\/v2\/pages\/80\/revisions"}],"predecessor-version":[{"id":10220,"href":"https:\/\/caritas.barcelona\/es\/wp-json\/wp\/v2\/pages\/80\/revisions\/10220"}],"wp:featuredmedia":[{"embeddable":true,"href":"https:\/\/caritas.barcelona\/es\/wp-json\/wp\/v2\/media\/534"}],"wp:attachment":[{"href":"https:\/\/caritas.barcelona\/es\/wp-json\/wp\/v2\/media?parent=80"}],"curies":[{"name":"wp","href":"https:\/\/api.w.org\/{rel}","templated":true}]}}