{"id":7381,"date":"2019-04-11T10:37:25","date_gmt":"2019-04-11T08:37:25","guid":{"rendered":"https:\/\/caritas.barcelona\/?page_id=7381"},"modified":"2025-11-07T12:52:23","modified_gmt":"2025-11-07T11:52:23","slug":"condiciones-generales-de-contratacion","status":"publish","type":"page","link":"https:\/\/caritas.barcelona\/es\/condiciones-generales-de-contratacion\/","title":{"rendered":"Condiciones generales de contrataci\u00f3n"},"content":{"rendered":"<p><b><span data-contrast=\"auto\">I.- INFORMACI\u00d3N PREVIA A LA FORMALIZACI\u00d3N DEL CONTRATO. <\/span><\/b><span data-ccp-props=\"{}\">\u00a0<\/span><\/p>\n<p><span data-contrast=\"auto\">El presente contrato podr\u00e1 formalizarse en espa\u00f1ol y catal\u00e1n. Para poder formalizar el presente contrato deber\u00e1 seguir los siguientes pasos: <\/span><span data-ccp-props=\"{}\">\u00a0<\/span><\/p>\n<p><span data-contrast=\"auto\">1. Debe rellenar todo el formulario que se encuentra en: <\/span><a href=\"https:\/\/actua.caritas.barcelona\/fes-un-donatiu\"><span data-contrast=\"none\">https:\/\/actua.caritas.barcelona\/haz-un-donativo<\/span><\/a><span data-contrast=\"auto\"> o <a href=\"https:\/\/actua.caritas.barcelona\/hazte-socio\">https:\/\/actua.caritas.barcelona\/hazte-socio<\/a>.<\/span><\/p>\n<p><span data-contrast=\"auto\">2. Se aceptar\u00e1n las condiciones generales antes del env\u00edo del formulario. Una vez cumplimentado todo el formulario, se proceder\u00e1 al pago. <\/span><span data-ccp-props=\"{}\">\u00a0<\/span><\/p>\n<p><span data-contrast=\"auto\">Cuando se haya realizado el donativo, recibir\u00e1 un correo electr\u00f3nico agradeci\u00e9ndole su donaci\u00f3n. Este correo electr\u00f3nico confirma que la solicitud de realizar un donativo se ha procesado correctamente por la entidad. <\/span><span data-ccp-props=\"{}\">\u00a0<\/span><\/p>\n<p><span data-contrast=\"auto\">3. El informe del donativo ser\u00e1 archivado en nuestro sistema. Para acceder o corregir errores p\u00f3ngase en contacto con el departamento de socios y donantes de C\u00e1ritas Barcelona mediante el correo <\/span><a href=\"mailto:atenciodonant@caritas.barcelona\"><span data-contrast=\"none\">atenciodonant@caritas.barcelona.<\/span><\/a><span data-contrast=\"auto\">\u00a0Tambi\u00e9n puede contactar con nosotros en el n\u00famero de tel\u00e9fono 93 112 70 10.<\/span><span data-ccp-props=\"{}\">\u00a0<\/span><\/p>\n<p><span data-ccp-props=\"{}\">\u00a0<\/span><b><span data-contrast=\"auto\">II.- IDENTIFICACI\u00d3N DE LAS PARTES <\/span><\/b><span data-ccp-props=\"{}\">\u00a0<\/span><\/p>\n<p><span data-contrast=\"auto\">Por un lado, C\u00e1ritas Diocesana de Barcelona con domicilio en plaza nueva 1 de Barcelona, y CIF R-0800314-G inscrita en el Registro de Entidades Religiosas del Ministerio de Justicia. Por otro lado, el donante, cuyos datos son los que constan en el formulario adjunto, quien declara que es mayor de edad. <\/span><span data-ccp-props=\"{}\">\u00a0<\/span><\/p>\n<p><b><span data-contrast=\"auto\">III.- OBJETO DEL CONTRATO. <\/span><\/b><span data-ccp-props=\"{}\">\u00a0<\/span><\/p>\n<p><span data-contrast=\"auto\">El presente contrato tiene por objeto la realizaci\u00f3n de un donativo en la entidad social C\u00e1ritas Barcelona <\/span><span data-ccp-props=\"{}\">\u00a0<\/span><\/p>\n<p><b><span data-contrast=\"auto\">IV.- FORMA DE PAGO <\/span><\/b><span data-ccp-props=\"{}\">\u00a0<\/span><\/p>\n<p><span data-contrast=\"auto\">Se contemplan tres posibles formas de pago. Cuando se elija el pago con tarjeta, se le redirigir\u00e1 a la pasarela de pago de su entidad bancaria. Cualquier error en esta p\u00e1gina deber\u00e1 indicarle en su entidad bancaria. En el caso de escoger la domiciliaci\u00f3n bancaria, por un donativo puntual debe indicar el n\u00famero de cuenta bancaria para que se le cargue el recibo en un plazo m\u00e1ximo de 10 d\u00edas. En caso de que sea una cuota peri\u00f3dica, se le cargar\u00e1 el recibo a partir del d\u00eda 10 del mes siguiente, y pasar\u00e1 a ser socio de nuestra entidad. Si se elige la transferencia bancaria como m\u00e9todo de pago, para terminar el proceso de donaci\u00f3n, el donante deber\u00e1 realizar la transferencia desde su entidad bancaria y enviar comprobante a <\/span><a href=\"mailto:atenciodonant@caritas.barcelona\"><span data-contrast=\"auto\">atenciodonant@caritas.barcelona<\/span><\/a><span data-contrast=\"auto\">.<\/span><span data-ccp-props=\"{}\">\u00a0<\/span><\/p>\n<p><b><span data-contrast=\"auto\">V.- OBLIGACIONES DEL USUARIO <\/span><\/b><span data-ccp-props=\"{}\">\u00a0<\/span><\/p>\n<p><span data-contrast=\"auto\">El usuario se obliga a: <\/span><span data-ccp-props=\"{}\">\u00a0<\/span><\/p>\n<p><span data-contrast=\"auto\">a.- Hacer la donaci\u00f3n por el importe seleccionado. <\/span><span data-ccp-props=\"{}\">\u00a0<\/span><\/p>\n<p><span data-contrast=\"auto\">b.- Recibir el certificado fiscal correspondiente a su donaci\u00f3n. En el mes de marzo del a\u00f1o siguiente a su donaci\u00f3n, recibir\u00e1 por correo postal y\/o por correo electr\u00f3nico el certificado fiscal correspondiente al ejercicio anterior para poder desgravar su donativo.<\/span><span data-ccp-props=\"{}\">\u00a0<\/span><\/p>\n<p><b><span data-contrast=\"auto\">VI.- OBLIGACIONES DE C\u00c1RITAS BARCELONA <\/span><\/b><span data-ccp-props=\"{}\">\u00a0<\/span><\/p>\n<p><span data-contrast=\"auto\">C\u00e1ritas Barcelona se obliga a: En caso de que la persona haya solicitado el certificado fiscal, enviarle v\u00eda postal, a la direcci\u00f3n que la persona haya indicado. Si la persona desea un comprobante de la donaci\u00f3n, puede solicitarlo en el correo atenciodonant@caritas.barcelona <\/span><span data-ccp-props=\"{}\">\u00a0<\/span><\/p>\n<p><b><span data-contrast=\"auto\">VII.- CANCELACI\u00d3N DEL ENCARGO <\/span><\/b><span data-ccp-props=\"{}\">\u00a0<\/span><\/p>\n<p><span data-contrast=\"auto\">El donante puede cancelar el donativo o desestimar su importe hasta 24 horas despu\u00e9s de haberlo efectuado enviando un correo a <\/span><a href=\"mailto:atenciodonant@caritas.barcelona\"><span data-contrast=\"none\">atenciodonant@caritas.barcelona<\/span><\/a> <span data-contrast=\"auto\">a llamando al 93 112 70 10. <\/span><span data-ccp-props=\"{}\">\u00a0<\/span><\/p>\n<p><b><span data-contrast=\"auto\">VIII.- PROTECCI\u00d3N DE DATOS. <\/span><\/b><span data-ccp-props=\"{}\">\u00a0<\/span><\/p>\n<p><span data-contrast=\"auto\">Puede consultar la pol\u00edtica de privacidad en el siguiente enlace: <\/span><a href=\"https:\/\/caritas.barcelona\/es\/politica-de-privacidad\/\"><span data-contrast=\"none\">Pol\u00edtica de privacidad | Caritas Barcelona<\/span><\/a><span data-ccp-props=\"{}\">\u00a0<\/span><\/p>\n<p><b><span data-contrast=\"auto\">IX.- JURISDICCI\u00d3N Y LEY APLICABLE. <\/span><\/b><span data-ccp-props=\"{}\">\u00a0<\/span><\/p>\n<p><span data-contrast=\"auto\">La relaci\u00f3n entre C\u00e1ritas Barcelona y el donante se regir\u00e1 por la normativa espa\u00f1ola vigente y cualquier controversia se someter\u00e1 a los Juzgados y Tribunales de la ciudad de Barcelona.<\/span><span data-ccp-props=\"{}\">\u00a0<\/span><\/p>\n","protected":false},"excerpt":{"rendered":"<p>I.- INFORMACI\u00d3N PREVIA A LA FORMALIZACI\u00d3N DEL CONTRATO. \u00a0 El presente contrato podr\u00e1 formalizarse en espa\u00f1ol y catal\u00e1n. Para poder formalizar el presente contrato deber\u00e1 seguir los siguientes pasos: \u00a0 [&hellip;]<\/p>\n","protected":false},"author":1,"featured_media":2839,"parent":0,"menu_order":0,"comment_status":"closed","ping_status":"closed","template":"","meta":{"footnotes":""},"class_list":["post-7381","page","type-page","status-publish","has-post-thumbnail","hentry"],"aioseo_notices":[],"_links":{"self":[{"href":"https:\/\/caritas.barcelona\/es\/wp-json\/wp\/v2\/pages\/7381","targetHints":{"allow":["GET"]}}],"collection":[{"href":"https:\/\/caritas.barcelona\/es\/wp-json\/wp\/v2\/pages"}],"about":[{"href":"https:\/\/caritas.barcelona\/es\/wp-json\/wp\/v2\/types\/page"}],"author":[{"embeddable":true,"href":"https:\/\/caritas.barcelona\/es\/wp-json\/wp\/v2\/users\/1"}],"replies":[{"embeddable":true,"href":"https:\/\/caritas.barcelona\/es\/wp-json\/wp\/v2\/comments?post=7381"}],"version-history":[{"count":12,"href":"https:\/\/caritas.barcelona\/es\/wp-json\/wp\/v2\/pages\/7381\/revisions"}],"predecessor-version":[{"id":16744,"href":"https:\/\/caritas.barcelona\/es\/wp-json\/wp\/v2\/pages\/7381\/revisions\/16744"}],"wp:featuredmedia":[{"embeddable":true,"href":"https:\/\/caritas.barcelona\/es\/wp-json\/wp\/v2\/media\/2839"}],"wp:attachment":[{"href":"https:\/\/caritas.barcelona\/es\/wp-json\/wp\/v2\/media?parent=7381"}],"curies":[{"name":"wp","href":"https:\/\/api.w.org\/{rel}","templated":true}]}}