{"id":5,"date":"2017-03-09T12:32:31","date_gmt":"2017-03-09T12:32:31","guid":{"rendered":"https:\/\/caritas.barcelona\/?page_id=5"},"modified":"2026-04-14T16:42:45","modified_gmt":"2026-04-14T14:42:45","slug":"inicio-2-2","status":"publish","type":"page","link":"https:\/\/caritas.barcelona\/es\/","title":{"rendered":"Inicio"},"content":{"rendered":"<p>A trav\u00e9s de sus puntos de atenci\u00f3n, <strong>C\u00e1ritas acoge, escucha, orienta y acompa\u00f1a<\/strong> a las personas que se dirigen a nuestra instituci\u00f3n con una demanda de ayuda.<\/p>\n<p>La atenci\u00f3n de C\u00e1ritas <strong>va m\u00e1s all\u00e1 de la asistencia inmediata, puesto que busca la promoci\u00f3n de la persona<\/strong> a partir de su participaci\u00f3n activa, del reconocimiento de sus recursos y de sus potencialidades.<\/p>\n<p>Durante el 2023, C\u00e1ritas Diocesana de Barcelona ha atendido a <strong>20.379 hogares, donde viven 44.526 personas, mientras que las C\u00e1ritas parroquiales y arciprestales han atendido a un total de 23.378 hogares, donde viven 56.322 personas.<\/strong><\/p>\n","protected":false},"excerpt":{"rendered":"<p>A trav\u00e9s de sus puntos de atenci\u00f3n, C\u00e1ritas acoge, escucha, orienta y acompa\u00f1a a las personas que se dirigen a nuestra instituci\u00f3n con una demanda de ayuda. La atenci\u00f3n de [&hellip;]<\/p>\n","protected":false},"author":1,"featured_media":0,"parent":0,"menu_order":0,"comment_status":"closed","ping_status":"closed","template":"page-template-home.php","meta":{"footnotes":""},"class_list":["post-5","page","type-page","status-publish","hentry"],"aioseo_notices":[],"_links":{"self":[{"href":"https:\/\/caritas.barcelona\/es\/wp-json\/wp\/v2\/pages\/5","targetHints":{"allow":["GET"]}}],"collection":[{"href":"https:\/\/caritas.barcelona\/es\/wp-json\/wp\/v2\/pages"}],"about":[{"href":"https:\/\/caritas.barcelona\/es\/wp-json\/wp\/v2\/types\/page"}],"author":[{"embeddable":true,"href":"https:\/\/caritas.barcelona\/es\/wp-json\/wp\/v2\/users\/1"}],"replies":[{"embeddable":true,"href":"https:\/\/caritas.barcelona\/es\/wp-json\/wp\/v2\/comments?post=5"}],"version-history":[{"count":8,"href":"https:\/\/caritas.barcelona\/es\/wp-json\/wp\/v2\/pages\/5\/revisions"}],"predecessor-version":[{"id":16281,"href":"https:\/\/caritas.barcelona\/es\/wp-json\/wp\/v2\/pages\/5\/revisions\/16281"}],"wp:attachment":[{"href":"https:\/\/caritas.barcelona\/es\/wp-json\/wp\/v2\/media?parent=5"}],"curies":[{"name":"wp","href":"https:\/\/api.w.org\/{rel}","templated":true}]}}