{"id":35,"date":"2017-04-04T14:41:58","date_gmt":"2017-04-04T14:41:58","guid":{"rendered":"https:\/\/caritas.barcelona\/?page_id=35\/"},"modified":"2025-10-17T11:31:15","modified_gmt":"2025-10-17T09:31:15","slug":"beneficios-fiscales","status":"publish","type":"page","link":"https:\/\/caritas.barcelona\/es\/beneficios-fiscales\/","title":{"rendered":"Beneficios fiscales"},"content":{"rendered":"<p>\u00bfConoces tus ventajas fiscales?<\/p>\n<p>\u00a1Haz que tu colaboraci\u00f3n tenga una doble recompensa! Adem\u00e1s de ayudar a las personas en situaci\u00f3n de pobreza y exclusi\u00f3n social y participar en la transformaci\u00f3n de nuestra sociedad, con tu aportaci\u00f3n econ\u00f3mica tambi\u00e9n disfrutar\u00e1s de beneficios fiscales que te permitir\u00e1n deducir tus donativos en la Declaraci\u00f3n de la Renta o Impuesto de Sociedades.<\/p>\n<p>Si te conviertes en socio o donante, te enviaremos un certificado de donaci\u00f3n con las cantidades totales aportadas durante el a\u00f1o fiscal anterior para que lo puedas incorporar en tu declaraci\u00f3n de la renta.<\/p>\n<p>\u00a1Y es que ser solidario cuenta el doble!<\/p>\n","protected":false},"excerpt":{"rendered":"<p>\u00bfConoces tus ventajas fiscales? \u00a1Haz que tu colaboraci\u00f3n tenga una doble recompensa! Adem\u00e1s de ayudar a las personas en situaci\u00f3n de pobreza y exclusi\u00f3n social y participar en la transformaci\u00f3n [&hellip;]<\/p>\n","protected":false},"author":1,"featured_media":16698,"parent":0,"menu_order":0,"comment_status":"closed","ping_status":"closed","template":"page-template-beneficios-fiscales.php","meta":{"footnotes":""},"class_list":["post-35","page","type-page","status-publish","has-post-thumbnail","hentry"],"aioseo_notices":[],"_links":{"self":[{"href":"https:\/\/caritas.barcelona\/es\/wp-json\/wp\/v2\/pages\/35","targetHints":{"allow":["GET"]}}],"collection":[{"href":"https:\/\/caritas.barcelona\/es\/wp-json\/wp\/v2\/pages"}],"about":[{"href":"https:\/\/caritas.barcelona\/es\/wp-json\/wp\/v2\/types\/page"}],"author":[{"embeddable":true,"href":"https:\/\/caritas.barcelona\/es\/wp-json\/wp\/v2\/users\/1"}],"replies":[{"embeddable":true,"href":"https:\/\/caritas.barcelona\/es\/wp-json\/wp\/v2\/comments?post=35"}],"version-history":[{"count":4,"href":"https:\/\/caritas.barcelona\/es\/wp-json\/wp\/v2\/pages\/35\/revisions"}],"predecessor-version":[{"id":495,"href":"https:\/\/caritas.barcelona\/es\/wp-json\/wp\/v2\/pages\/35\/revisions\/495"}],"wp:featuredmedia":[{"embeddable":true,"href":"https:\/\/caritas.barcelona\/es\/wp-json\/wp\/v2\/media\/16698"}],"wp:attachment":[{"href":"https:\/\/caritas.barcelona\/es\/wp-json\/wp\/v2\/media?parent=35"}],"curies":[{"name":"wp","href":"https:\/\/api.w.org\/{rel}","templated":true}]}}