{"id":321,"date":"2017-05-09T18:12:30","date_gmt":"2017-05-09T18:12:30","guid":{"rendered":"https:\/\/caritas.barcelona\/?page_id=321\/"},"modified":"2025-10-22T17:10:56","modified_gmt":"2025-10-22T15:10:56","slug":"clubs-deportivos","status":"publish","type":"page","link":"https:\/\/caritas.barcelona\/es\/entidades-con-corazon\/clubs-deportivos\/","title":{"rendered":"Clubs deportivos"},"content":{"rendered":"<p><strong>\u00bfQu\u00e9 es Clubes con coraz\u00f3n?<\/strong><\/p>\n<p>A trav\u00e9s del deporte, las personas desarrollan sus capacidades f\u00edsicas, asumen un estilo de vida m\u00e1s saludable y mejoran su bienestar. Pero <strong>el deporte tambi\u00e9n se convierte en una herramienta de cohesi\u00f3n e inclusi\u00f3n social<\/strong> muy potente que trabaja por la transformaci\u00f3n social. No es de extra\u00f1ar, pues, que el mundo del deporte haya mostrado, a menudo, su esp\u00edritu solidario hacia las personas m\u00e1s necesitadas. De ah\u00ed surge Clubes con coraz\u00f3n, el programa de colaboraci\u00f3n con las entidades deportivas que quieran implicarse en el desarrollo del bienestar social.<\/p>\n","protected":false},"excerpt":{"rendered":"<p>\u00bfQu\u00e9 es Clubes con coraz\u00f3n? A trav\u00e9s del deporte, las personas desarrollan sus capacidades f\u00edsicas, asumen un estilo de vida m\u00e1s saludable y mejoran su bienestar. Pero el deporte tambi\u00e9n [&hellip;]<\/p>\n","protected":false},"author":1,"featured_media":916,"parent":127,"menu_order":0,"comment_status":"closed","ping_status":"closed","template":"page-template-entitats-clubs-esportius.php","meta":{"footnotes":""},"class_list":["post-321","page","type-page","status-publish","has-post-thumbnail","hentry"],"aioseo_notices":[],"_links":{"self":[{"href":"https:\/\/caritas.barcelona\/es\/wp-json\/wp\/v2\/pages\/321","targetHints":{"allow":["GET"]}}],"collection":[{"href":"https:\/\/caritas.barcelona\/es\/wp-json\/wp\/v2\/pages"}],"about":[{"href":"https:\/\/caritas.barcelona\/es\/wp-json\/wp\/v2\/types\/page"}],"author":[{"embeddable":true,"href":"https:\/\/caritas.barcelona\/es\/wp-json\/wp\/v2\/users\/1"}],"replies":[{"embeddable":true,"href":"https:\/\/caritas.barcelona\/es\/wp-json\/wp\/v2\/comments?post=321"}],"version-history":[{"count":7,"href":"https:\/\/caritas.barcelona\/es\/wp-json\/wp\/v2\/pages\/321\/revisions"}],"predecessor-version":[{"id":8122,"href":"https:\/\/caritas.barcelona\/es\/wp-json\/wp\/v2\/pages\/321\/revisions\/8122"}],"up":[{"embeddable":true,"href":"https:\/\/caritas.barcelona\/es\/wp-json\/wp\/v2\/pages\/127"}],"wp:featuredmedia":[{"embeddable":true,"href":"https:\/\/caritas.barcelona\/es\/wp-json\/wp\/v2\/media\/916"}],"wp:attachment":[{"href":"https:\/\/caritas.barcelona\/es\/wp-json\/wp\/v2\/media?parent=321"}],"curies":[{"name":"wp","href":"https:\/\/api.w.org\/{rel}","templated":true}]}}