{"id":315,"date":"2017-05-09T18:11:17","date_gmt":"2017-05-09T18:11:17","guid":{"rendered":"https:\/\/caritas.barcelona\/?page_id=315\/"},"modified":"2025-10-22T17:11:13","modified_gmt":"2025-10-22T15:11:13","slug":"cultura","status":"publish","type":"page","link":"https:\/\/caritas.barcelona\/es\/entidades-con-corazon\/cultura\/","title":{"rendered":"Cultura"},"content":{"rendered":"<p><strong>\u00bfQu\u00e9 es Cultura con coraz\u00f3n?<\/strong><\/p>\n<p>En C\u00e1ritas Diocesana de Barcelona queremos implicar a los sectores culturales y art\u00edsticos con las tareas sociales y los proyectos de la entidad. Esto se consigue gracias al grupo de Cultura con coraz\u00f3n, que pretende estar presente en <strong>conciertos, obras de teatro, fiestas populares o exposiciones para sensibilizar a los diferentes p\u00fablicos<\/strong>. Asimismo, otra motivaci\u00f3n de los voluntarios de Cultura con coraz\u00f3n es <strong>conseguir entradas<\/strong> para que las personas atendidas por C\u00e1ritas puedan acceder a la cultura y al ocio.<\/p>\n","protected":false},"excerpt":{"rendered":"<p>\u00bfQu\u00e9 es Cultura con coraz\u00f3n? En C\u00e1ritas Diocesana de Barcelona queremos implicar a los sectores culturales y art\u00edsticos con las tareas sociales y los proyectos de la entidad. Esto se [&hellip;]<\/p>\n","protected":false},"author":1,"featured_media":918,"parent":127,"menu_order":0,"comment_status":"closed","ping_status":"closed","template":"page-template-entitats-cultura.php","meta":{"footnotes":""},"class_list":["post-315","page","type-page","status-publish","has-post-thumbnail","hentry"],"aioseo_notices":[],"_links":{"self":[{"href":"https:\/\/caritas.barcelona\/es\/wp-json\/wp\/v2\/pages\/315","targetHints":{"allow":["GET"]}}],"collection":[{"href":"https:\/\/caritas.barcelona\/es\/wp-json\/wp\/v2\/pages"}],"about":[{"href":"https:\/\/caritas.barcelona\/es\/wp-json\/wp\/v2\/types\/page"}],"author":[{"embeddable":true,"href":"https:\/\/caritas.barcelona\/es\/wp-json\/wp\/v2\/users\/1"}],"replies":[{"embeddable":true,"href":"https:\/\/caritas.barcelona\/es\/wp-json\/wp\/v2\/comments?post=315"}],"version-history":[{"count":4,"href":"https:\/\/caritas.barcelona\/es\/wp-json\/wp\/v2\/pages\/315\/revisions"}],"predecessor-version":[{"id":8124,"href":"https:\/\/caritas.barcelona\/es\/wp-json\/wp\/v2\/pages\/315\/revisions\/8124"}],"up":[{"embeddable":true,"href":"https:\/\/caritas.barcelona\/es\/wp-json\/wp\/v2\/pages\/127"}],"wp:featuredmedia":[{"embeddable":true,"href":"https:\/\/caritas.barcelona\/es\/wp-json\/wp\/v2\/media\/918"}],"wp:attachment":[{"href":"https:\/\/caritas.barcelona\/es\/wp-json\/wp\/v2\/media?parent=315"}],"curies":[{"name":"wp","href":"https:\/\/api.w.org\/{rel}","templated":true}]}}