{"id":2603,"date":"2017-06-06T10:58:38","date_gmt":"2017-06-06T10:58:38","guid":{"rendered":"https:\/\/caritas.barcelona\/?page_id=2603\/"},"modified":"2017-07-18T12:01:55","modified_gmt":"2017-07-18T10:01:55","slug":"2603-2","status":"publish","type":"page","link":"https:\/\/caritas.barcelona\/es\/legados-y-herencias\/2603-2\/","title":{"rendered":"Gracias por contactarnos"},"content":{"rendered":"<p>Muchas gracias por contar con nosotros. En breve, nos pondremos en contacto contigo.<\/p>\n<p>Si tienes alguna duda, estamos a tu disposici\u00f3n. Nos puedes encontrar en el tel\u00e9fono de atenci\u00f3n al donante 93 112 70 10 o en el correo electr\u00f3nico <a href=\"mailto:atenci\u00f3donant@caritasbcn.org\">atenciodonant@caritasbcn.org<\/a>.<\/p>\n<p>De momento, te invitamos a conocernos m\u00e1s<\/p>\n","protected":false},"excerpt":{"rendered":"<p>Muchas gracias por contar con nosotros. En breve, nos pondremos en contacto contigo. Si tienes alguna duda, estamos a tu disposici\u00f3n. Nos puedes encontrar en el tel\u00e9fono de atenci\u00f3n al [&hellip;]<\/p>\n","protected":false},"author":1,"featured_media":761,"parent":137,"menu_order":0,"comment_status":"closed","ping_status":"closed","template":"page-template-thankyou.php","meta":{"footnotes":""},"class_list":["post-2603","page","type-page","status-publish","has-post-thumbnail","hentry"],"aioseo_notices":[],"_links":{"self":[{"href":"https:\/\/caritas.barcelona\/es\/wp-json\/wp\/v2\/pages\/2603","targetHints":{"allow":["GET"]}}],"collection":[{"href":"https:\/\/caritas.barcelona\/es\/wp-json\/wp\/v2\/pages"}],"about":[{"href":"https:\/\/caritas.barcelona\/es\/wp-json\/wp\/v2\/types\/page"}],"author":[{"embeddable":true,"href":"https:\/\/caritas.barcelona\/es\/wp-json\/wp\/v2\/users\/1"}],"replies":[{"embeddable":true,"href":"https:\/\/caritas.barcelona\/es\/wp-json\/wp\/v2\/comments?post=2603"}],"version-history":[{"count":5,"href":"https:\/\/caritas.barcelona\/es\/wp-json\/wp\/v2\/pages\/2603\/revisions"}],"predecessor-version":[{"id":2611,"href":"https:\/\/caritas.barcelona\/es\/wp-json\/wp\/v2\/pages\/2603\/revisions\/2611"}],"up":[{"embeddable":true,"href":"https:\/\/caritas.barcelona\/es\/wp-json\/wp\/v2\/pages\/137"}],"wp:featuredmedia":[{"embeddable":true,"href":"https:\/\/caritas.barcelona\/es\/wp-json\/wp\/v2\/media\/761"}],"wp:attachment":[{"href":"https:\/\/caritas.barcelona\/es\/wp-json\/wp\/v2\/media?parent=2603"}],"curies":[{"name":"wp","href":"https:\/\/api.w.org\/{rel}","templated":true}]}}