{"id":146,"date":"2017-04-24T14:00:42","date_gmt":"2017-04-24T14:00:42","guid":{"rendered":"https:\/\/caritas.barcelona\/?page_id=146\/"},"modified":"2020-12-18T13:40:40","modified_gmt":"2020-12-18T12:40:40","slug":"aviso-legal","status":"publish","type":"page","link":"https:\/\/caritas.barcelona\/es\/aviso-legal\/","title":{"rendered":"Aviso legal"},"content":{"rendered":"<p><strong>AVISO LEGAL WEB DE C\u00c1RITAS DIOCESANA DE BARCELONA<\/strong><\/p>\n<p><strong>1.- IDENTIFICACI\u00d3N DEL TITULAR DEL DOMINIO<\/strong><\/p>\n<p>De acuerdo con lo dispuesto en el art\u00edculo 10 de la Ley 34\/2002, de 11 de julio, de Servicios de la Sociedad de la Informaci\u00f3n y del Comercio Electr\u00f3nico,<\/p>\n<p><strong>os informamos que:<\/strong><\/p>\n<p>El titular de la web es <strong>C\u00c1RITAS DIOCESANA DE BARCELONA<\/strong>, con domicilio en Barcelona, Via Laietana, 5, CIF: R0800314G inscrita en el Registro de Entidades Religiosas del Ministerio de Justicia con el n\u00famero 153<\/p>\n<p>Correo electr\u00f3nico de contacto:\u00a0<a href=\"mailto:dpd@caritas.barcelona\"><strong>dpd@caritas.barcelona<\/strong><\/a><\/p>\n<p>Tel\u00e9fono: 933 446 900<\/p>\n<p>&nbsp;<\/p>\n<p><strong>2.- NORMAS DE USO DEL PORTAL<\/strong><\/p>\n<p>Quien acceda y use este sitio web, tendr\u00e1 la consideraci\u00f3n de usuario. El usuario por el solo hecho de serlo, acepta todas las condiciones de uso.<\/p>\n<p><strong>2.1. GEN\u00c9RICAS<\/strong><\/p>\n<p>Est\u00e1 prohibido publicar en esta web, en nuestros blogs, y dem\u00e1s herramientas de participaci\u00f3n de contenidos que atenten contra los siguientes principios:<\/p>\n<ol>\n<li>a) La salvaguarda del orden p\u00fablico, la investigaci\u00f3n penal, seguridad p\u00fablica y defensa nacional.<\/li>\n<li>b) La protecci\u00f3n de la salud p\u00fablica o de las personas f\u00edsicas que tengan la condici\u00f3n de consumidores o usuarios.<\/li>\n<li>c) El respeto a la dignidad de la persona y al principio de no discriminaci\u00f3n por motivos de raza, sexo, opini\u00f3n, nacionalidad, discapacidad o cualquier otra circunstancia personal o social.<\/li>\n<li>d) La protecci\u00f3n de la juventud y de la infancia.<\/li>\n<li>e) El respeto a la autonom\u00eda de la voluntad del afectado.<\/li>\n<li>f) El respeto a la propiedad intelectual de lo publicado.<\/li>\n<li>g) En general, el respeto a la legalidad vigente.<\/li>\n<\/ol>\n<p><strong>2.2.<\/strong>\u00a0<strong>PARTICULARES<\/strong><\/p>\n<p>El usuario asume la responsabilidad del uso del portal. Esta responsabilidad se extiende al registro que fuese necesario para acceder a determinados servicios o contenidos. El usuario ser\u00e1 responsable de aportar informaci\u00f3n veraz y l\u00edcita en el proceso de registro.<\/p>\n<p>El usuario se compromete a hacer un uso adecuado de los contenidos y servicios que el arzobispado ofrece a trav\u00e9s de sus websites y herramientas de participaci\u00f3n; con car\u00e1cter enunciativo, pero no limitativo, tambi\u00e9n se compromete a no usarlas para:<\/p>\n<ul>\n<li>Provocar da\u00f1os en los sistemas f\u00edsicos y l\u00f3gicos de C\u00c1RITAS DIOCESANA DE BARCELONA, de sus proveedores o de terceras personas, introducir o difundir en la red virus inform\u00e1ticos o cualesquiera otros sistemas f\u00edsicos o l\u00f3gicos que sean susceptibles de provocar da\u00f1os.<\/li>\n<li>Intentar acceder y, en su caso, utilizar las cuentas de correo electr\u00f3nico de otros usuarios y modificar o manipular sus mensajes.<\/li>\n<\/ul>\n<p>C\u00c1RITAS DIOCESANA DE BARCELONA se reserva el derecho de retirar todos los comentarios y aportaciones que vulneren el respeto a la dignidad de la persona, que sean discriminatorios, xen\u00f3fobos, racistas, pornogr\u00e1ficos, que atenten contra las personas, especialmente, contra los intereses de la juventud o de la infancia, el orden o la seguridad p\u00fablica o que, no resultaran adecuados para su publicaci\u00f3n a criterio de C\u00c1RITAS DIOCESANA DE BARCELONA.<\/p>\n<p>En cualquier caso, C\u00c1RITAS DIOCESANA DE BARCELONA no es responsable de las opiniones vertidas por los usuarios a trav\u00e9s de los foros, chats, u otras herramientas de participaci\u00f3n.<\/p>\n<p><strong>2<\/strong>\u00a0<strong>.3.<\/strong>\u00a0<strong>USO DE CONTRASE\u00d1AS.<\/strong><\/p>\n<p>Para acceder a determinados contenidos hay que introducir un c\u00f3digo de usuario y una contrase\u00f1a.\u00a0Si no dispone de una, puede pedirla a\u00a0<a href=\"mailto:datoslopd@caritas.barcelona\"><strong>dpd@caritas.barcelona<\/strong><\/a>.<\/p>\n<p>Os informamos que las contrase\u00f1as son personales e intransferibles.\u00a0El usuario es el \u00fanico responsable de las consecuencias que se puedan derivar del uso de su contrase\u00f1a.<\/p>\n<p>Para cualquier incidencia con las contrase\u00f1as puede contactar con\u00a0<a href=\"mailto:datoslopd@caritas.barcelona\"><strong>dpd@caritas.barcelona<\/strong><\/a><strong>.<\/strong><\/p>\n<p>&nbsp;<\/p>\n<p><strong>3.- PROPIEDAD INTELECTUAL E INDUSTRIAL<\/strong><\/p>\n<p>C\u00c1RITAS DIOCESANA DE BARCELONA es titular de todos los derechos de propiedad intelectual e industrial de sus p\u00e1ginas web, como tambi\u00e9n lo es de todo su contenido, por lo que toda reproducci\u00f3n, distribuci\u00f3n y comunicaci\u00f3n p\u00fablica total o parcial de su contenido queda expresamente prohibida sin la autorizaci\u00f3n expresa de C\u00c1RITAS DIOCESANA DE BARCELONA.<\/p>\n<p>&nbsp;<\/p>\n<p><strong>4.- RESPONSABILIDAD<\/strong><\/p>\n<p>C\u00c1RITAS DIOCESANA DE BARCELONA no se hace responsable de los da\u00f1os y perjuicios que se puedan derivar de interferencias o aver\u00edas telef\u00f3nicas, desconexiones en el sistema electr\u00f3nico, presencia de virus inform\u00e1ticos, programas maliciosos o cualquier otro factor ajeno a su control. Tampoco se hace responsable de los contenidos o sistemas de terceros conectados con el dominio del Arzobispado a trav\u00e9s de enlaces.<\/p>\n<p>C\u00c1RITAS DIOCESANA DE BARCELONA se reserva el ejercicio de las acciones legales que correspondan contra los que vulneren estas condiciones.<\/p>\n<p>&nbsp;<\/p>\n<p><strong>5.- MODIFICACIONES DE LAS PRESENTES CONDICIONES Y VIGENCIA<\/strong><\/p>\n<p>C\u00c1RITAS DIOCESANA DE BARCELONA puede modificar estas condiciones en cualquier momento, sin previo aviso, publicando sus modificaciones tal como aparecen.<\/p>\n<p>&nbsp;<\/p>\n<p><strong>6.- LEGISLACI\u00d3N APLICABLE Y JURISDICCI\u00d3N<\/strong><\/p>\n<p>La relaci\u00f3n entre C\u00c1RITAS DIOCESANA DE BARCELONA y el usuario se regir\u00e1 por la normativa espa\u00f1ola vigente y cualquier controversia se someter\u00e1 a los Juzgados y tribunales de la ciudad de Barcelona.<\/p>\n","protected":false},"excerpt":{"rendered":"<p>AVISO LEGAL WEB DE C\u00c1RITAS DIOCESANA DE BARCELONA 1.- IDENTIFICACI\u00d3N DEL TITULAR DEL DOMINIO De acuerdo con lo dispuesto en el art\u00edculo 10 de la Ley 34\/2002, de 11 de [&hellip;]<\/p>\n","protected":false},"author":1,"featured_media":2839,"parent":0,"menu_order":0,"comment_status":"closed","ping_status":"closed","template":"","meta":{"footnotes":""},"class_list":["post-146","page","type-page","status-publish","has-post-thumbnail","hentry"],"aioseo_notices":[],"_links":{"self":[{"href":"https:\/\/caritas.barcelona\/es\/wp-json\/wp\/v2\/pages\/146","targetHints":{"allow":["GET"]}}],"collection":[{"href":"https:\/\/caritas.barcelona\/es\/wp-json\/wp\/v2\/pages"}],"about":[{"href":"https:\/\/caritas.barcelona\/es\/wp-json\/wp\/v2\/types\/page"}],"author":[{"embeddable":true,"href":"https:\/\/caritas.barcelona\/es\/wp-json\/wp\/v2\/users\/1"}],"replies":[{"embeddable":true,"href":"https:\/\/caritas.barcelona\/es\/wp-json\/wp\/v2\/comments?post=146"}],"version-history":[{"count":11,"href":"https:\/\/caritas.barcelona\/es\/wp-json\/wp\/v2\/pages\/146\/revisions"}],"predecessor-version":[{"id":10524,"href":"https:\/\/caritas.barcelona\/es\/wp-json\/wp\/v2\/pages\/146\/revisions\/10524"}],"wp:featuredmedia":[{"embeddable":true,"href":"https:\/\/caritas.barcelona\/es\/wp-json\/wp\/v2\/media\/2839"}],"wp:attachment":[{"href":"https:\/\/caritas.barcelona\/es\/wp-json\/wp\/v2\/media?parent=146"}],"curies":[{"name":"wp","href":"https:\/\/api.w.org\/{rel}","templated":true}]}}