{"id":142,"date":"2017-04-24T13:59:50","date_gmt":"2017-04-24T13:59:50","guid":{"rendered":"https:\/\/caritas.barcelona\/?page_id=142\/"},"modified":"2025-07-02T12:00:05","modified_gmt":"2025-07-02T10:00:05","slug":"otras-formas-de-colaborar","status":"publish","type":"page","link":"https:\/\/caritas.barcelona\/es\/otras-formas-de-colaborar\/","title":{"rendered":"Otras formas de colaborar"},"content":{"rendered":"<h4 class=\"fw400\" style=\"text-align: center\">C\u00e1ritas se centra en cubrir las necesidades b\u00e1sicas de las personas a trav\u00e9s del programa de ayuda a las <a href=\"https:\/\/caritas.barcelona\/es\/ayuda-a-necesidades-basicas\/\">necesidades b\u00e1sicas<\/a>. Pero t\u00fa tambi\u00e9n puedes ayudarnos a ayudar y mejorar las condiciones de vida de las personas atendidas. Si quieres aportar tu grano de arena, puedes colaborar ofreciendo ropa, alimentos y art\u00edculos de segunda mano en los centros distribuidores.<\/h4>\n<div class=\"col-md-12 tac mt20 mb30\"><\/div>\n","protected":false},"excerpt":{"rendered":"<p>C\u00e1ritas se centra en cubrir las necesidades b\u00e1sicas de las personas a trav\u00e9s del programa de ayuda a las necesidades b\u00e1sicas. Pero t\u00fa tambi\u00e9n puedes ayudarnos a ayudar y mejorar [&hellip;]<\/p>\n","protected":false},"author":1,"featured_media":16429,"parent":0,"menu_order":0,"comment_status":"closed","ping_status":"closed","template":"page-template-altres-formes-colaborar.php","meta":{"footnotes":""},"class_list":["post-142","page","type-page","status-publish","has-post-thumbnail","hentry"],"aioseo_notices":[],"_links":{"self":[{"href":"https:\/\/caritas.barcelona\/es\/wp-json\/wp\/v2\/pages\/142","targetHints":{"allow":["GET"]}}],"collection":[{"href":"https:\/\/caritas.barcelona\/es\/wp-json\/wp\/v2\/pages"}],"about":[{"href":"https:\/\/caritas.barcelona\/es\/wp-json\/wp\/v2\/types\/page"}],"author":[{"embeddable":true,"href":"https:\/\/caritas.barcelona\/es\/wp-json\/wp\/v2\/users\/1"}],"replies":[{"embeddable":true,"href":"https:\/\/caritas.barcelona\/es\/wp-json\/wp\/v2\/comments?post=142"}],"version-history":[{"count":9,"href":"https:\/\/caritas.barcelona\/es\/wp-json\/wp\/v2\/pages\/142\/revisions"}],"predecessor-version":[{"id":5141,"href":"https:\/\/caritas.barcelona\/es\/wp-json\/wp\/v2\/pages\/142\/revisions\/5141"}],"wp:featuredmedia":[{"embeddable":true,"href":"https:\/\/caritas.barcelona\/es\/wp-json\/wp\/v2\/media\/16429"}],"wp:attachment":[{"href":"https:\/\/caritas.barcelona\/es\/wp-json\/wp\/v2\/media?parent=142"}],"curies":[{"name":"wp","href":"https:\/\/api.w.org\/{rel}","templated":true}]}}