{"id":14,"date":"2017-03-29T11:31:13","date_gmt":"2017-03-29T11:31:13","guid":{"rendered":"https:\/\/caritas.barcelona\/?page_id=14"},"modified":"2025-05-08T17:04:54","modified_gmt":"2025-05-08T15:04:54","slug":"quienes-somos","status":"publish","type":"page","link":"https:\/\/caritas.barcelona\/es\/quienes-somos\/","title":{"rendered":"\u00bfQui\u00e9nes somos?"},"content":{"rendered":"<p><span class=\"jCAhz ChMk0b\"><span class=\"ryNqvb\">C\u00e1ritas es la acci\u00f3n caritativa y social de la Iglesia diocesana de Barcelona<\/span><\/span><\/p>\n<p><strong><span class=\"jCAhz\"><span class=\"ryNqvb\">Identidad<\/span><\/span><\/strong><\/p>\n<p><span class=\"jCAhz ChMk0b\"><span class=\"ryNqvb\">C\u00e1ritas Diocesana de Barcelona es la manifestaci\u00f3n institucional de la acci\u00f3n caritativa y social de la Iglesia diocesana de Barcelona.<\/span><\/span> <span class=\"jCAhz ChMk0b\"><span class=\"ryNqvb\">Es <strong>expresi\u00f3n del servicio de la caridad de la comunidad cristiana<\/strong>, y se inspira en el Evangelio y la Doctrina Social de la Iglesia.<\/span><\/span><\/p>\n<p><strong><span class=\"jCAhz\"><span class=\"ryNqvb\">\u00bfCu\u00e1l es nuestra misi\u00f3n? <\/span><\/span><\/strong><\/p>\n<p><span class=\"jCAhz ChMk0b\"><span class=\"ryNqvb\">La misi\u00f3n de C\u00e1ritas Diocesana de Barcelona, \u200b\u200bcomo acci\u00f3n caritativa y social de la Iglesia diocesana de Barcelona, \u200b\u200bes <strong>promover el desarrollo integral de todas las personas, especialmente las que se encuentran en situaci\u00f3n de pobreza<\/strong> y exclusi\u00f3n social, a fin que cualquier persona<\/span><\/span> <span class=\"jCAhz ChMk0b\"><span class=\"ryNqvb\">pueda vivir con plena dignidad. <\/span><\/span><\/p>\n<p><span class=\"jCAhz ChMk0b\"><span class=\"ryNqvb\">La realizaci\u00f3n de esta misi\u00f3n se concreta mediante la <strong>acci\u00f3n social<\/strong>, la <strong>sensibilizaci\u00f3n<\/strong> de la sociedad y la <strong>denuncia<\/strong> prof\u00e9tica de las situaciones de injusticia social.<\/span><\/span><\/p>\n","protected":false},"excerpt":{"rendered":"<p>C\u00e1ritas es la acci\u00f3n caritativa y social de la Iglesia diocesana de Barcelona Identidad C\u00e1ritas Diocesana de Barcelona es la manifestaci\u00f3n institucional de la acci\u00f3n caritativa y social de la [&hellip;]<\/p>\n","protected":false},"author":1,"featured_media":15614,"parent":0,"menu_order":0,"comment_status":"closed","ping_status":"closed","template":"page-template-quienes.php","meta":{"footnotes":""},"class_list":["post-14","page","type-page","status-publish","has-post-thumbnail","hentry"],"aioseo_notices":[],"_links":{"self":[{"href":"https:\/\/caritas.barcelona\/es\/wp-json\/wp\/v2\/pages\/14","targetHints":{"allow":["GET"]}}],"collection":[{"href":"https:\/\/caritas.barcelona\/es\/wp-json\/wp\/v2\/pages"}],"about":[{"href":"https:\/\/caritas.barcelona\/es\/wp-json\/wp\/v2\/types\/page"}],"author":[{"embeddable":true,"href":"https:\/\/caritas.barcelona\/es\/wp-json\/wp\/v2\/users\/1"}],"replies":[{"embeddable":true,"href":"https:\/\/caritas.barcelona\/es\/wp-json\/wp\/v2\/comments?post=14"}],"version-history":[{"count":11,"href":"https:\/\/caritas.barcelona\/es\/wp-json\/wp\/v2\/pages\/14\/revisions"}],"predecessor-version":[{"id":16194,"href":"https:\/\/caritas.barcelona\/es\/wp-json\/wp\/v2\/pages\/14\/revisions\/16194"}],"wp:featuredmedia":[{"embeddable":true,"href":"https:\/\/caritas.barcelona\/es\/wp-json\/wp\/v2\/media\/15614"}],"wp:attachment":[{"href":"https:\/\/caritas.barcelona\/es\/wp-json\/wp\/v2\/media?parent=14"}],"curies":[{"name":"wp","href":"https:\/\/api.w.org\/{rel}","templated":true}]}}