{"id":127,"date":"2017-04-24T13:46:37","date_gmt":"2017-04-24T13:46:37","guid":{"rendered":"https:\/\/caritas.barcelona\/?page_id=127\/"},"modified":"2025-05-08T17:39:39","modified_gmt":"2025-05-08T15:39:39","slug":"entidades-con-corazon","status":"publish","type":"page","link":"https:\/\/caritas.barcelona\/es\/entidades-con-corazon\/","title":{"rendered":"Entidades con Coraz\u00f3n"},"content":{"rendered":"<p><strong>\u00bfQu\u00e9 es Entidades con Coraz\u00f3n?<\/strong><\/p>\n<p>Cuando una entidad del \u00e1mbito econ\u00f3mico, deportivo, universitario, cultural y educativo establece una relaci\u00f3n con C\u00e1ritas, pasa a formar parte del programa de Entidades con Coraz\u00f3n. Este grupo, que cuenta con un c\u00f3digo \u00e9tico propio, tiene como finalidad principal sensibilizar e integrar a empresas y entidades en los proyectos sociales de C\u00e1ritas Barcelona para conseguir un impacto social transformador. Entidades con Coraz\u00f3n, por lo tanto, invita a las empresas y entidades a trabajar por la excelencia social y participar de un trabajo conjunto que les permitir\u00e1 implicarse en un compromiso de cambio con la sociedad.<\/p>\n<p>Entidades con Coraz\u00f3n, que est\u00e1 formado por un equipo de m\u00e1s de 80 personas voluntarias, se divide en seis categor\u00edas, seg\u00fan la naturaleza de la entidad que quiera colaborar.<\/p>\n","protected":false},"excerpt":{"rendered":"<p>\u00bfQu\u00e9 es Entidades con Coraz\u00f3n? Cuando una entidad del \u00e1mbito econ\u00f3mico, deportivo, universitario, cultural y educativo establece una relaci\u00f3n con C\u00e1ritas, pasa a formar parte del programa de Entidades con [&hellip;]<\/p>\n","protected":false},"author":1,"featured_media":3070,"parent":0,"menu_order":0,"comment_status":"closed","ping_status":"closed","template":"page-template-entitats-distribuidora.php","meta":{"footnotes":""},"class_list":["post-127","page","type-page","status-publish","has-post-thumbnail","hentry"],"aioseo_notices":[],"_links":{"self":[{"href":"https:\/\/caritas.barcelona\/es\/wp-json\/wp\/v2\/pages\/127","targetHints":{"allow":["GET"]}}],"collection":[{"href":"https:\/\/caritas.barcelona\/es\/wp-json\/wp\/v2\/pages"}],"about":[{"href":"https:\/\/caritas.barcelona\/es\/wp-json\/wp\/v2\/types\/page"}],"author":[{"embeddable":true,"href":"https:\/\/caritas.barcelona\/es\/wp-json\/wp\/v2\/users\/1"}],"replies":[{"embeddable":true,"href":"https:\/\/caritas.barcelona\/es\/wp-json\/wp\/v2\/comments?post=127"}],"version-history":[{"count":9,"href":"https:\/\/caritas.barcelona\/es\/wp-json\/wp\/v2\/pages\/127\/revisions"}],"predecessor-version":[{"id":16203,"href":"https:\/\/caritas.barcelona\/es\/wp-json\/wp\/v2\/pages\/127\/revisions\/16203"}],"wp:featuredmedia":[{"embeddable":true,"href":"https:\/\/caritas.barcelona\/es\/wp-json\/wp\/v2\/media\/3070"}],"wp:attachment":[{"href":"https:\/\/caritas.barcelona\/es\/wp-json\/wp\/v2\/media?parent=127"}],"curies":[{"name":"wp","href":"https:\/\/api.w.org\/{rel}","templated":true}]}}