{"id":123,"date":"2017-04-24T13:45:38","date_gmt":"2017-04-24T13:45:38","guid":{"rendered":"https:\/\/caritas.barcelona\/?page_id=123\/"},"modified":"2025-05-08T17:34:57","modified_gmt":"2025-05-08T15:34:57","slug":"haz-voluntariado","status":"publish","type":"page","link":"https:\/\/caritas.barcelona\/es\/haz-voluntariado\/","title":{"rendered":"Haz voluntariado"},"content":{"rendered":"<p>Escuchar, sonre\u00edr, acompa\u00f1ar, pasear&#8230; Incluso, revivir la gran y g\u00e9lida nevada de la Navidad de 1962, explicar qu\u00e9 es Internet o cantar sin importar si desafinas. Todo esto lo puedes vivir haciendo un <strong>voluntariado en C\u00e1ritas Diocesana de Barcelona<\/strong><\/p>\n<p><strong>Los proyectos de C\u00e1ritas Diocesana de Barcelona son muy diversos<\/strong>: desde dar apoyo en cursos de lengua o alfabetizaci\u00f3n digital para adultos hasta hacer refuerzos educativos a ni\u00f1os, visitar ancianos en residencias y dinamizarlos su d\u00eda a d\u00eda o ayudar en tareas administrativas o de gesti\u00f3n de la entidad.<\/p>\n<p>A pesar de la gran diversidad de tareas de voluntariado, todas tienen un elemento com\u00fan: mejorar la vida de las personas para construir un mundo m\u00e1s digno.<\/p>\n","protected":false},"excerpt":{"rendered":"<p>Escuchar, sonre\u00edr, acompa\u00f1ar, pasear&#8230; Incluso, revivir la gran y g\u00e9lida nevada de la Navidad de 1962, explicar qu\u00e9 es Internet o cantar sin importar si desafinas. Todo esto lo puedes [&hellip;]<\/p>\n","protected":false},"author":1,"featured_media":16458,"parent":0,"menu_order":0,"comment_status":"closed","ping_status":"closed","template":"page-template-hazte-voluntario.php","meta":{"footnotes":""},"class_list":["post-123","page","type-page","status-publish","has-post-thumbnail","hentry"],"aioseo_notices":[],"_links":{"self":[{"href":"https:\/\/caritas.barcelona\/es\/wp-json\/wp\/v2\/pages\/123","targetHints":{"allow":["GET"]}}],"collection":[{"href":"https:\/\/caritas.barcelona\/es\/wp-json\/wp\/v2\/pages"}],"about":[{"href":"https:\/\/caritas.barcelona\/es\/wp-json\/wp\/v2\/types\/page"}],"author":[{"embeddable":true,"href":"https:\/\/caritas.barcelona\/es\/wp-json\/wp\/v2\/users\/1"}],"replies":[{"embeddable":true,"href":"https:\/\/caritas.barcelona\/es\/wp-json\/wp\/v2\/comments?post=123"}],"version-history":[{"count":13,"href":"https:\/\/caritas.barcelona\/es\/wp-json\/wp\/v2\/pages\/123\/revisions"}],"predecessor-version":[{"id":16201,"href":"https:\/\/caritas.barcelona\/es\/wp-json\/wp\/v2\/pages\/123\/revisions\/16201"}],"wp:featuredmedia":[{"embeddable":true,"href":"https:\/\/caritas.barcelona\/es\/wp-json\/wp\/v2\/media\/16458"}],"wp:attachment":[{"href":"https:\/\/caritas.barcelona\/es\/wp-json\/wp\/v2\/media?parent=123"}],"curies":[{"name":"wp","href":"https:\/\/api.w.org\/{rel}","templated":true}]}}