{"id":110,"date":"2017-04-24T13:42:25","date_gmt":"2017-04-24T13:42:25","guid":{"rendered":"https:\/\/caritas.barcelona\/?page_id=110\/"},"modified":"2026-02-06T09:05:07","modified_gmt":"2026-02-06T08:05:07","slug":"escuela-de-formacion-de-voluntariado","status":"publish","type":"page","link":"https:\/\/caritas.barcelona\/es\/escuela-de-formacion-de-voluntariado\/","title":{"rendered":"Escuela de formaci\u00f3n del voluntariado"},"content":{"rendered":"<p style=\"text-align: center\">Una buena acci\u00f3n voluntaria es transformadora para todo el que forma parte: para las personas que reciben la acci\u00f3n y tambi\u00e9n para las personas que hacen el voluntariado. Para que sea as\u00ed, hay que a\u00f1adir a la buena voluntad, el sentido com\u00fan y la asunci\u00f3n de la responsabilidad de formarse en diferentes \u00e1mbitos<\/p>\n<p style=\"text-align: center\">La Escuela de Formaci\u00f3n del Voluntariado pretende cubrir esta necesidad y erigirse como un <strong>espacio de intercambio de experiencias y de debate<\/strong> sobre la intervenci\u00f3n del voluntariado social.<\/p>\n<p style=\"text-align: center\">Nacida en 1983, la Escuela de Formaci\u00f3n del Voluntariado es un <strong>rasgo distintivo y caracter\u00edstico<\/strong> de C\u00e1ritas Diocesana de Barcelona que cuenta con el reconocimiento, desde 1994, del Plan de Formaci\u00f3n del Asociacionismo i el\u00a0 Voluntariado de la Generalitat de Catalunya. Es, por ello, que los alumnos que participan en los cursos que impartimos y que est\u00e1n adheridos a este Plan reciben un <strong>diploma emitido por la Generalitat de Catalu\u00f1a<\/strong>.<\/p>\n<p>&nbsp;<\/p>\n<h5 style=\"text-align: center\"><em>Con el apoyo de:<\/em><\/h5>\n<p><img loading=\"lazy\" decoding=\"async\" class=\"wp-image-17210 aligncenter\" src=\"https:\/\/caritas.barcelona\/wp-content\/uploads\/2026\/02\/logo-serveis-socials-i-inclusio-1-scaled.png\" alt=\"\" width=\"274\" height=\"47\" srcset=\"https:\/\/caritas.barcelona\/wp-content\/uploads\/2026\/02\/logo-serveis-socials-i-inclusio-1-scaled.png 2560w, https:\/\/caritas.barcelona\/wp-content\/uploads\/2026\/02\/logo-serveis-socials-i-inclusio-1-300x52.png 300w, https:\/\/caritas.barcelona\/wp-content\/uploads\/2026\/02\/logo-serveis-socials-i-inclusio-1-1024x176.png 1024w, https:\/\/caritas.barcelona\/wp-content\/uploads\/2026\/02\/logo-serveis-socials-i-inclusio-1-768x132.png 768w, https:\/\/caritas.barcelona\/wp-content\/uploads\/2026\/02\/logo-serveis-socials-i-inclusio-1-1536x265.png 1536w, https:\/\/caritas.barcelona\/wp-content\/uploads\/2026\/02\/logo-serveis-socials-i-inclusio-1-2048x353.png 2048w\" sizes=\"auto, (max-width: 274px) 100vw, 274px\" \/><\/p>\n","protected":false},"excerpt":{"rendered":"<p>Una buena acci\u00f3n voluntaria es transformadora para todo el que forma parte: para las personas que reciben la acci\u00f3n y tambi\u00e9n para las personas que hacen el voluntariado. Para que [&hellip;]<\/p>\n","protected":false},"author":1,"featured_media":16456,"parent":0,"menu_order":0,"comment_status":"closed","ping_status":"closed","template":"page-template-escola-de-formacio.php","meta":{"footnotes":""},"class_list":["post-110","page","type-page","status-publish","has-post-thumbnail","hentry"],"aioseo_notices":[],"_links":{"self":[{"href":"https:\/\/caritas.barcelona\/es\/wp-json\/wp\/v2\/pages\/110","targetHints":{"allow":["GET"]}}],"collection":[{"href":"https:\/\/caritas.barcelona\/es\/wp-json\/wp\/v2\/pages"}],"about":[{"href":"https:\/\/caritas.barcelona\/es\/wp-json\/wp\/v2\/types\/page"}],"author":[{"embeddable":true,"href":"https:\/\/caritas.barcelona\/es\/wp-json\/wp\/v2\/users\/1"}],"replies":[{"embeddable":true,"href":"https:\/\/caritas.barcelona\/es\/wp-json\/wp\/v2\/comments?post=110"}],"version-history":[{"count":14,"href":"https:\/\/caritas.barcelona\/es\/wp-json\/wp\/v2\/pages\/110\/revisions"}],"predecessor-version":[{"id":17223,"href":"https:\/\/caritas.barcelona\/es\/wp-json\/wp\/v2\/pages\/110\/revisions\/17223"}],"wp:featuredmedia":[{"embeddable":true,"href":"https:\/\/caritas.barcelona\/es\/wp-json\/wp\/v2\/media\/16456"}],"wp:attachment":[{"href":"https:\/\/caritas.barcelona\/es\/wp-json\/wp\/v2\/media?parent=110"}],"curies":[{"name":"wp","href":"https:\/\/api.w.org\/{rel}","templated":true}]}}