{"id":106,"date":"2017-04-24T13:40:11","date_gmt":"2017-04-24T13:40:11","guid":{"rendered":"https:\/\/caritas.barcelona\/?page_id=106\/"},"modified":"2025-07-03T11:06:30","modified_gmt":"2025-07-03T09:06:30","slug":"trabaja-con-nosotros","status":"publish","type":"page","link":"https:\/\/caritas.barcelona\/es\/trabaja-con-nosotros\/","title":{"rendered":"Trabaja con nosotros"},"content":{"rendered":"<h4 class=\"fw400\" style=\"text-align: center\">Trabajar en C\u00e1ritas significa entrar a formar parte de un equipo de profesionales y voluntarios comprometidos en la tranformaci\u00f3n de las situaciones de pobreza y exclusi\u00f3n social de nuestros barrios, pueblos y ciudades. Los profesionales de C\u00e1ritas hacen una apuesta diaria para seguir trabajando por los dem\u00e1s, aportando cada uno, desde su responsabilidad, su grano de arena.<\/h4>\n","protected":false},"excerpt":{"rendered":"<p>Trabajar en C\u00e1ritas significa entrar a formar parte de un equipo de profesionales y voluntarios comprometidos en la tranformaci\u00f3n de las situaciones de pobreza y exclusi\u00f3n social de nuestros barrios, [&hellip;]<\/p>\n","protected":false},"author":7,"featured_media":16450,"parent":0,"menu_order":0,"comment_status":"closed","ping_status":"closed","template":"page-template-treballa-amb-nosaltres.php","meta":{"footnotes":""},"class_list":["post-106","page","type-page","status-publish","has-post-thumbnail","hentry"],"aioseo_notices":[],"_links":{"self":[{"href":"https:\/\/caritas.barcelona\/es\/wp-json\/wp\/v2\/pages\/106","targetHints":{"allow":["GET"]}}],"collection":[{"href":"https:\/\/caritas.barcelona\/es\/wp-json\/wp\/v2\/pages"}],"about":[{"href":"https:\/\/caritas.barcelona\/es\/wp-json\/wp\/v2\/types\/page"}],"author":[{"embeddable":true,"href":"https:\/\/caritas.barcelona\/es\/wp-json\/wp\/v2\/users\/7"}],"replies":[{"embeddable":true,"href":"https:\/\/caritas.barcelona\/es\/wp-json\/wp\/v2\/comments?post=106"}],"version-history":[{"count":6,"href":"https:\/\/caritas.barcelona\/es\/wp-json\/wp\/v2\/pages\/106\/revisions"}],"predecessor-version":[{"id":4778,"href":"https:\/\/caritas.barcelona\/es\/wp-json\/wp\/v2\/pages\/106\/revisions\/4778"}],"wp:featuredmedia":[{"embeddable":true,"href":"https:\/\/caritas.barcelona\/es\/wp-json\/wp\/v2\/media\/16450"}],"wp:attachment":[{"href":"https:\/\/caritas.barcelona\/es\/wp-json\/wp\/v2\/media?parent=106"}],"curies":[{"name":"wp","href":"https:\/\/api.w.org\/{rel}","templated":true}]}}