{"id":10246,"date":"2020-10-29T17:30:40","date_gmt":"2020-10-29T16:30:40","guid":{"rendered":"https:\/\/caritas.barcelona\/?page_id=10246"},"modified":"2020-10-29T17:35:03","modified_gmt":"2020-10-29T16:35:03","slug":"politica-de-privacidad","status":"publish","type":"page","link":"https:\/\/caritas.barcelona\/es\/politica-de-privacidad\/","title":{"rendered":"Pol\u00edtica de privacidad"},"content":{"rendered":"<p><strong>POL\u00cdTICA DE PRIVACIDAD Y TRATAMIENTO DE LA INFORMACI\u00d3N DE C\u00c1RITAS DIOCESANA DE BARCELONA<\/strong><\/p>\n<p><strong>\u00a0<\/strong><strong>1.-<\/strong>\u00a0<strong>DERECHO DE INFORMACI\u00d3N<\/strong><\/p>\n<p>De acuerdo con lo dispuesto en el art\u00edculo 11 de la Ley Org\u00e1nica 3\/2018 de 5 de diciembre, de Protecci\u00f3n de Datos de Car\u00e1cter Personal (en adelante LOPDGDD) y el art\u00edculo 13 del Reglamento General de Protecci\u00f3n de datos 2016\/679 (RGPD) le informamos de:<\/p>\n<p><strong>1.1.<\/strong>\u00a0<strong>\u2013 Identificaci\u00f3n de responsables:<\/strong><\/p>\n<p>El <strong>responsable del tratamiento<\/strong> es <strong>C\u00c1RITAS DIOCESANA DE BARCELONA<\/strong>, con domicilio en Barcelona, Via Laietana, 5, CIF: R0800314G inscrita en el Registro de Entidades Religiosas del Ministerio de Justicia con el n\u00famero 153<\/p>\n<p>Correo electr\u00f3nico de contacto:\u00a0<a href=\"mailto:datoslopd@caritas.barcelona\"><strong>dpd@caritas.barcelona<\/strong><\/a><\/p>\n<p>Tel\u00e9fono: 933 446 900<\/p>\n<p>El <strong>delegado de protecci\u00f3n de datos<\/strong> es <strong>CIPDI Tratamiento de la informaci\u00f3n SL.<\/strong><\/p>\n<p>Puede contactar con el delegado al correo electr\u00f3nico\u00a0<a href=\"mailto:datoslopd@caritas.barcelona\"><strong>dpd@caritas.barcelona<\/strong><\/a><strong>.<\/strong><\/p>\n<p><strong>1.2.<\/strong>\u00a0<strong>Finalidades de tratamiento y base jur\u00eddica<\/strong><\/p>\n<p><strong>1.2.1.- Finalidad general<\/strong><\/p>\n<p>Los datos que nos facilite en los formularios que encontrar\u00e1 en la web, los que nos env\u00ede a nuestra direcci\u00f3n de correo electr\u00f3nico y los que se puedan generar mientras mantenga relaci\u00f3n con C\u00e1ritas Diocesana de Barcelona se incorporar\u00e1n, tal como nos los ceda, a un archivo de nombre BDGACDB titularidad del responsable del tratamiento.<\/p>\n<p>Utilizaremos los datos para prestarle los servicios que nos solicite y para enviar informaci\u00f3n de nuestras actividades\u00a0por correo electr\u00f3nico o direcci\u00f3n postal.<\/p>\n<p>La base jur\u00eddica de este tratamiento ser\u00e1 la relaci\u00f3n contractual que mantenga con el responsable del tratamiento y el consentimiento que otorga al aceptar este aviso.<\/p>\n<p><strong>1.2.2.- Tratamiento de im\u00e1genes.<\/strong><\/p>\n<p>C\u00e1ritas Diocesana de Barcelona documenta los acontecimientos que organiza de car\u00e1cter p\u00fablico con fotograf\u00edas y v\u00eddeos con el fin de hacer difusi\u00f3n en su web o dem\u00e1s espacios de difusi\u00f3n p\u00fablica de informaci\u00f3n como son: la propia web, las redes sociales donde C\u00e1ritas disponga de perfil creado y publicaciones propias o prensa. Puede obtener m\u00e1s informaci\u00f3n sobre este apartado consultando la web de C\u00e1ritas o contactando con el DPO.<\/p>\n<p>El tratamiento de estas im\u00e1genes est\u00e1 legitimado con el consentimiento de los afectados o en aplicaci\u00f3n del art\u00edculo 8 de la <a href=\"https:\/\/www.boe.es\/buscar\/doc.php?id=BOE-A-1982-11196\">LO 1\/1982 de protecci\u00f3n del derecho al honor, la intimidad y la propia imagen.<\/a><a name=\"_ftnref1\"><\/a><\/p>\n<p><strong>1.3.<\/strong>\u00a0<strong>Categor\u00edas de destinatarios.<\/strong><\/p>\n<p>Para dar cumplimiento a las anteriores finalidades tendr\u00e1n acceso a sus datos:<\/p>\n<ul>\n<li>El personal y los voluntarios debidamente autorizados por la direcci\u00f3n de C\u00e1ritas.<\/li>\n<\/ul>\n<ul>\n<li>Los proveedores necesarios para dar cumplimiento a su demanda.<\/li>\n<\/ul>\n<ul>\n<li>La administraci\u00f3n p\u00fablica en el \u00e1mbito de sus competencias.<\/li>\n<\/ul>\n<p>Puede ampliar esta informaci\u00f3n consultando al DPO.<\/p>\n<p><strong>1.4.- Transferencia internacional de datos.<\/strong><\/p>\n<p>Para desarrollar sus funciones C\u00e1ritas no cede, ni deposita datos fuera de la Uni\u00f3n Europea.<\/p>\n<p><strong>1.5.- Plazo de conservaci\u00f3n de la informaci\u00f3n.<\/strong><\/p>\n<p>El responsable del tratamiento conservar\u00e1 su informaci\u00f3n mientras no revoque el consentimiento otorgado en aceptar esta cl\u00e1usula.<\/p>\n<p><strong>1.6.-<\/strong>\u00a0<strong>Derechos como afectado<\/strong><\/p>\n<p>Tiene derecho a acceder, rectificar, suprimir, oponerse a que sus datos se traten, a limitar el tratamiento, a pedir la portabilidad de los datos, a no ser sometido a decisiones individuales automatizadas ya revocar el consentimiento que otorga.<\/p>\n<p>Para ejercer estos derechos puede dirigirse por escrito a C\u00e1ritas Diocesana en Via Laietana, 5, 08003 Barcelona, o bien, contactar por tel\u00e9fono al 933446900, o enviar un correo electr\u00f3nico a la direcci\u00f3n\u00a0<a href=\"mailto:datoslopd@caritas.barcelona\"><strong>dpd@caritas.barcelona<\/strong><\/a>\u00a0con el texto \u00abPROTECCI\u00d3N DE DATOS\u00bb en el asunto.<\/p>\n<p><strong>1.7.- Derecho de reclamaci\u00f3n.<\/strong><\/p>\n<p>El organismo competente para conocer de la correcta aplicaci\u00f3n de las normas sobre tratamiento de la informaci\u00f3n es la Autoridad de Protecci\u00f3n de Datos, con domicilio en la Calle Jorge Juan n. 6 de Madrid.<\/p>\n<p><strong>1.8.- Obligaciones<\/strong>\u00a0<strong>del afectado.<\/strong><\/p>\n<p>El afectado debe aportar informaci\u00f3n veraz y actualizada en todos los procesos de recogida de datos, siendo \u00e9l el \u00fanico responsable de la vulneraci\u00f3n de esta obligaci\u00f3n.<\/p>\n<p>En los formularios de recogida de datos est\u00e1n marcados los datos que son obligatorias aportar, en funci\u00f3n de la demanda que haga el afectado. La falta de la aportaci\u00f3n de estos datos puede suponer la imposibilidad de participar de la actividad o proporcionar el servicio que se solicita.<\/p>\n<p><strong>1.9.- Elaboraci\u00f3n de perfiles<\/strong><\/p>\n<p>Para el cumplimiento de los objetivos de C\u00e1ritas y, sobre todo, para hacer una atenci\u00f3n m\u00e1s personalizada, cuidadosa y eficaz del usuario, a veces, es necesario elaborar perfiles de los destinatarios de los\u00a0servicios.\u00a0En ning\u00fan caso, la elaboraci\u00f3n del perfil se hace de manera exclusivamente automatizada.<\/p>\n<p>&nbsp;<\/p>\n<p><strong>2.-<\/strong>\u00a0<strong>CONSENTIMIENTO DEL USUARIO<\/strong><\/p>\n<p>Se entiende que el usuario acepta las condiciones establecidas si pulsa el bot\u00f3n \u2018ACEPTAR\u2019 que se encuentra en todos los formularios de recogida de datos,\u00a0\u00a0\u00a0o si env\u00eda un mensaje por correo electr\u00f3nico.<\/p>\n<p>Los datos personales se guardan en la base de datos general de administraci\u00f3n de C\u00e1ritas que, en todo caso, garantiza las medidas t\u00e9cnicas y organizativas para preservar la integridad y la seguridad de la informaci\u00f3n que trata.<\/p>\n<p>&nbsp;<\/p>\n<p><strong>3.-<\/strong>\u00a0<strong>SEGURIDAD<\/strong><\/p>\n<p>La base de datos general est\u00e1 dotada del preceptivo documento de seguridad y ha establecido todos los medios t\u00e9cnicos a su alcance para evitar la p\u00e9rdida, mal uso, alteraci\u00f3n, acceso no autorizado y robo de los datos facilitados. El tratamiento de los datos personales est\u00e1 ajustado a la normativa establecida en la LOPDGDD y el RGPD.<\/p>\n<p>&nbsp;<\/p>\n<p><strong>4.- US DE DIRECCIONES IP<\/strong><\/p>\n<p>Para facilitar la b\u00fasqueda de recursos que creemos que son de su inter\u00e9s, puede encontrar en esta web enlaces a otras p\u00e1ginas.<\/p>\n<p>Esta pol\u00edtica de privacidad s\u00f3lo se aplica a esta web. C\u00e1ritas Diocesana de Barcelona no garantiza el cumplimiento de esta pol\u00edtica en otras webs, ni se hace responsable de los accesos mediante enlaces desde este sitio.<\/p>\n","protected":false},"excerpt":{"rendered":"<p>POL\u00cdTICA DE PRIVACIDAD Y TRATAMIENTO DE LA INFORMACI\u00d3N DE C\u00c1RITAS DIOCESANA DE BARCELONA \u00a01.-\u00a0DERECHO DE INFORMACI\u00d3N De acuerdo con lo dispuesto en el art\u00edculo 11 de la Ley Org\u00e1nica 3\/2018 [&hellip;]<\/p>\n","protected":false},"author":1,"featured_media":2839,"parent":0,"menu_order":0,"comment_status":"closed","ping_status":"closed","template":"","meta":{"footnotes":""},"class_list":["post-10246","page","type-page","status-publish","has-post-thumbnail","hentry"],"aioseo_notices":[],"_links":{"self":[{"href":"https:\/\/caritas.barcelona\/es\/wp-json\/wp\/v2\/pages\/10246","targetHints":{"allow":["GET"]}}],"collection":[{"href":"https:\/\/caritas.barcelona\/es\/wp-json\/wp\/v2\/pages"}],"about":[{"href":"https:\/\/caritas.barcelona\/es\/wp-json\/wp\/v2\/types\/page"}],"author":[{"embeddable":true,"href":"https:\/\/caritas.barcelona\/es\/wp-json\/wp\/v2\/users\/1"}],"replies":[{"embeddable":true,"href":"https:\/\/caritas.barcelona\/es\/wp-json\/wp\/v2\/comments?post=10246"}],"version-history":[{"count":1,"href":"https:\/\/caritas.barcelona\/es\/wp-json\/wp\/v2\/pages\/10246\/revisions"}],"predecessor-version":[{"id":10247,"href":"https:\/\/caritas.barcelona\/es\/wp-json\/wp\/v2\/pages\/10246\/revisions\/10247"}],"wp:featuredmedia":[{"embeddable":true,"href":"https:\/\/caritas.barcelona\/es\/wp-json\/wp\/v2\/media\/2839"}],"wp:attachment":[{"href":"https:\/\/caritas.barcelona\/es\/wp-json\/wp\/v2\/media?parent=10246"}],"curies":[{"name":"wp","href":"https:\/\/api.w.org\/{rel}","templated":true}]}}