{"id":10223,"date":"2020-10-23T14:16:54","date_gmt":"2020-10-23T12:16:54","guid":{"rendered":"https:\/\/caritas.barcelona\/?page_id=10223"},"modified":"2020-10-30T09:24:05","modified_gmt":"2020-10-30T08:24:05","slug":"politica-de-cookies","status":"publish","type":"page","link":"https:\/\/caritas.barcelona\/es\/politica-de-cookies\/","title":{"rendered":"Pol\u00edtica de cookies"},"content":{"rendered":"<p><strong>POL\u00cdTICA DE COOKIES DE LA WEB DE C\u00c1RITAS DIOCESANA DE BARCELONA<\/strong><\/p>\n<p>&nbsp;<\/p>\n<p>Esta pol\u00edtica de cookies se elabora en el cumplimiento de las obligaciones previstas en el art\u00edculo 22.2 de la Ley 34\/2002, de 11 de julio, de servicios de la sociedad de la informaci\u00f3n y de comercio electr\u00f3nico (en adelante, LSSI), en relaci\u00f3n con el Reglamento General de Protecci\u00f3n de Datos (RGPD) y la Ley Org\u00e1nica 3\/2018, de 5 de diciembre, de Protecci\u00f3n de Datos y garant\u00eda de los derechos digitales (LOPDGDD), con motivo de la revisi\u00f3n del Comit\u00e9 Europeo de Protecci\u00f3n de Datos (CEPD) en mayo de 2020 a las Directrices 05\/2020 sobre consentimiento.<\/p>\n<p>&nbsp;<\/p>\n<ol>\n<li><strong>DEFINICI\u00d3N Y FUNCI\u00d3N DE LAS <em>COOKIES<\/em><\/strong><\/li>\n<\/ol>\n<p>Una cookie es cualquier tipo de dispositivo de almacenamiento y recuperaci\u00f3n de datos que se utilice en el equipo terminal de un usuario con el fin de almacenar informaci\u00f3n y recuperar la informaci\u00f3n ya almacenada<\/p>\n<p>Para la utilizaci\u00f3n de esta web se utilizan cookies. Las cookies que se puedan utilizar se asocian \u00fanicamente con el navegador de un ordenador o dispositivo determinado (un usuario an\u00f3nimo), y no proporcionan por s\u00ed mismas ning\u00fan dato personal del usuario. Se pueden utilizar los siguientes tipos de cookies, agrupadas por su finalidad:<\/p>\n<p>&#8211; <strong>Cookies t\u00e9cnicas<\/strong>: permiten al usuario la navegaci\u00f3n a trav\u00e9s de la p\u00e1gina web y la utilizaci\u00f3n de las diferentes opciones o servicios que en ella hay; por ejemplo, controlar el tr\u00e1fico y la comunicaci\u00f3n de datos, identificar la sesi\u00f3n, acceder a partes de acceso restringido, recordar los elementos que integran un pedido, realizar el proceso de compra de un pedido, realizar la solicitud de inscripci\u00f3n o participaci\u00f3n en un acontecimiento, utilizar elementos de seguridad durante la navegaci\u00f3n o almacenar, difundir y\/o compartir contenidos. Estas cookies son necesarias para el funcionamiento del servicio ofrecido.<\/p>\n<p>&#8211; <strong>Cookies de an\u00e1lisis o medici\u00f3n<\/strong>: permiten cuantificar el n\u00famero de usuarios y as\u00ed realizar la medici\u00f3n y an\u00e1lisis estad\u00edstico de la utilizaci\u00f3n y actividad que hacen los usuarios de nuestra p\u00e1gina web, as\u00ed como elaborar de perfiles de navegaci\u00f3n de los usuarios en estas p\u00e1ginas y en nuestras aplicaciones, todo esto con el fin de introducir mejoras.<\/p>\n<p>&#8211; <strong>Cookies de publicidad comportamental<\/strong>: almacenan informaci\u00f3n del comportamiento de los usuarios obtenida a trav\u00e9s de la observaci\u00f3n continuada de sus h\u00e1bitos de navegaci\u00f3n, lo que permite desarrollar un perfil espec\u00edfico para mostrar publicidad en funci\u00f3n de la misma.<\/p>\n<p>Las cookies propias son las creadas o gestionadas por el responsable de la p\u00e1gina web. Las cookies de terceros son las administradas por prestamistas de servicios t\u00e9cnicos, de an\u00e1lisis, redes sociales, de personalizaci\u00f3n y de publicidad (incluida publicidad comportamental) ajenos al responsable de la p\u00e1gina web.<\/p>\n<p>&nbsp;<\/p>\n<ol start=\"2\">\n<li><strong>TIPO DE COOKIES UTILIZADAS<\/strong><\/li>\n<\/ol>\n<p>Las cookies utilizadas en esta p\u00e1gina web y su finalidad se detallan a continuaci\u00f3n:<\/p>\n<table class=\"bordered-table\">\n<thead>\n<tr>\n<td><strong>Cookie<\/strong><\/td>\n<td><strong>Proveedor<\/strong><\/td>\n<td><strong>Descripci\u00f3n<\/strong><\/td>\n<td><strong>Duraci\u00f3n<\/strong><\/td>\n<td><strong>Tipo<\/strong><\/td>\n<\/tr>\n<tr>\n<td>PHPSESSID<\/td>\n<td>Propia<\/td>\n<td>Esta cookie es originaria de las aplicaciones PHP. La cookie se utiliza para almacenar e identificar el identificador de sesi\u00f3n \u00fanico de los usuarios con el fin de gestionar la sesi\u00f3n de usuario en el sitio web. La cookie es una cookie de sesi\u00f3n y se elimina cuando se cierran todas las ventanas del navegador.<\/td>\n<td>Finalizaci\u00f3n de la sesi\u00f3n<\/td>\n<td>T\u00e9cnica<\/td>\n<\/tr>\n<tr>\n<td>modal_cta<\/td>\n<td>Propia<\/td>\n<td>Proporciona una manera de mostrar ventanas modales que contienen botones \/ enlaces de llamamiento a acciones.<\/td>\n<td>Finalizaci\u00f3n de la sesi\u00f3n<\/td>\n<td>T\u00e9cnica<\/td>\n<\/tr>\n<tr>\n<td>catAcc<em>Cookies<\/em><\/td>\n<td>Propia<\/td>\n<td>Contiene un c\u00f3digo para verificar que la pol\u00edtica de cookies ha sido aceptada.<\/td>\n<td>1 d\u00eda<\/td>\n<td>T\u00e9cnica<\/td>\n<\/tr>\n<tr>\n<td>euconsent<\/td>\n<td>ShareThis<\/td>\n<td>Cadena de consentimiento de IAB CMP Framework (TCF) v1. Utilizado por el plugin Simple Share Buttons Adder: Un complemento simple que permite agregar botones para compartir en todas sus publicaciones y \/ o p\u00e1ginas.<\/td>\n<td>1 a\u00f1o<\/td>\n<td>T\u00e9cnica<\/td>\n<\/tr>\n<tr>\n<td>CONSENT<\/td>\n<td>Google<\/td>\n<td>Cookie t\u00e9cnica para controlar la aceptaci\u00f3n de cookies.<\/td>\n<td>Permanente<\/td>\n<td>T\u00e9cnica<\/td>\n<\/tr>\n<tr>\n<td>_gat<\/td>\n<td>Google<\/td>\n<td>Estas cookies son instaladas por Google Universal Analytics para restringir el porcentaje de solicitudes para limitar la recopilaci\u00f3n de datos en lugares de gran tr\u00e1fico.<\/td>\n<td>1 minuto<\/td>\n<td>T\u00e9cnica<\/td>\n<\/tr>\n<tr>\n<td>1P_JAR<\/td>\n<td>Google<\/td>\n<td>Para personalizar los anuncios seg\u00fan los intereses del usuario.<\/td>\n<td>1 mes<\/td>\n<td>Publicidad<\/td>\n<\/tr>\n<tr>\n<td>OTZ<\/td>\n<td>Google<\/td>\n<td>Permite optimizar y personalizar los anuncios mostrados en la navegaci\u00f3n. Sirve para analizar pautas de tr\u00e1fico en la web y duraci\u00f3n de la sesi\u00f3n del navegador. Est\u00e1 relacionada con el sistema de publicidad personalizada de Google Adwords.<\/td>\n<td>1 mes<\/td>\n<td>Publicidad<\/td>\n<\/tr>\n<tr>\n<td>ANID<\/td>\n<td>Google<\/td>\n<td>Tiene un valor generado aleatoriamente \u00fanico que permite a la Plataforma distinguir navegadores y dispositivos. Esta informaci\u00f3n se utiliza para obtener el rendimiento de los anuncios y proporcionar recomendaciones relativas a productos basados en datos estad\u00edsticos.<\/td>\n<td>Permanente<\/td>\n<td>Publicidad<\/td>\n<\/tr>\n<tr>\n<td>spin<\/td>\n<td>Facebook<\/td>\n<td>Esta cookie permite ajustar la publicidad del usuario seg\u00fan sus preferencias.<\/td>\n<td>3 meses<\/td>\n<td>Publicidad<\/td>\n<\/tr>\n<tr>\n<td>c_user<\/td>\n<td>Facebook<\/td>\n<td>Esta cookie es usada por Facebook para permitir la comprobaci\u00f3n de la ID de usuario a los que le gusta la p\u00e1gina sin estar logueado.<\/td>\n<td>3 meses<\/td>\n<td>Publicidad<\/td>\n<\/tr>\n<tr>\n<td>XS<\/td>\n<td>Facebook<\/td>\n<td>Esta cookie se usa para autentificar vuestra identidad dentro de Facebook.<\/td>\n<td>3 meses<\/td>\n<td>Publicidad<\/td>\n<\/tr>\n<tr>\n<td>datr<\/td>\n<td>Facebook<\/td>\n<td>Esta cookie identifica el navegador utilizado para conectarse con Facebook. Comprueba el uso no fraudulento de cada inicio de sesi\u00f3n de usuario.<\/td>\n<td>2 a\u00f1os<\/td>\n<td>Publicidad<\/td>\n<\/tr>\n<tr>\n<td>sb<\/td>\n<td>Facebook<\/td>\n<td>Esta cookie permite la integraci\u00f3n del sitio web con Facebook.<\/td>\n<td>2 a\u00f1os<\/td>\n<td>Publicidad<\/td>\n<\/tr>\n<tr>\n<td>_fbp<\/td>\n<td>Facebook<\/td>\n<td>Esta cookie est\u00e1 configurada por Facebook para publicar anuncios cuando se encuentra en Facebook o en una plataforma digital impulsada por publicidad de Facebook despu\u00e9s de visitar este sitio web.<\/td>\n<td>2 meses<\/td>\n<td>Publicidad<\/td>\n<\/tr>\n<tr>\n<td>fr<\/td>\n<td>Facebook<\/td>\n<td>La cookie la define Facebook para mostrar anuncios relevantes a los usuarios y medir y mejorar los anuncios. La cookie tambi\u00e9n hace un seguimiento del comportamiento del usuario a trav\u00e9s de la web en lugares que tienen un p\u00edxel de Facebook o un complemento social de Facebook.<\/td>\n<td>2 meses<\/td>\n<td>Publicidad<\/td>\n<\/tr>\n<tr>\n<td>test_cookie<\/td>\n<td>Google &#8211; DoubleClick<\/td>\n<td>Esta cookie la define doubleclick.net. El objetivo de la cookie es determinar si el navegador de los usuarios admite cookies.<\/td>\n<td>15 minutos<\/td>\n<td>Publicidad<\/td>\n<\/tr>\n<tr>\n<td>analyticsPurposeCustom<br \/>\nAtresmedia<\/td>\n<td>ShareThis<\/td>\n<td>Utilizado por el plugin Simple Share Buttons Adder: Un complemento simple que permite agregar botones para compartir en todas sus publicaciones y \/ o p\u00e1ginas.<\/td>\n<td>1 a\u00f1o<\/td>\n<td>Anal\u00edtica<\/td>\n<\/tr>\n<tr>\n<td>DV<\/td>\n<td>Google<\/td>\n<td>Se utiliza por Google para probar servicios y obtener m\u00e1s informaci\u00f3n an\u00f3nima sobre la navegaci\u00f3n.<\/td>\n<td>1 d\u00eda<\/td>\n<td>Anal\u00edtica<\/td>\n<\/tr>\n<tr>\n<td>NID<\/td>\n<td>Google<\/td>\n<td>Para el recuento, por parte de Google, del n\u00famero de usuarios que utilizan los mapas.<\/td>\n<td>6 meses<\/td>\n<td>Anal\u00edtica<\/td>\n<\/tr>\n<tr>\n<td>_ga<\/td>\n<td>Google<\/td>\n<td>Esta cookie est\u00e1 instalada por Google Analytics. La cookie se utiliza para calcular los datos de visitantes, sesiones, campa\u00f1as y hacer un seguimiento del uso del lugar para el informe de an\u00e1lisis del lugar. Las cookies almacenan informaci\u00f3n de forma an\u00f3nima y asignan un n\u00famero generado aleatoriamente para identificar visitantes \u00fanicos.<\/td>\n<td>2 a\u00f1os<\/td>\n<td>Anal\u00edtica<\/td>\n<\/tr>\n<tr>\n<td>_gid<\/td>\n<td>Google<\/td>\n<td>Esta cookie est\u00e1 instalada por Google Analytics. La cookie se utiliza para almacenar informaci\u00f3n sobre c\u00f3mo los visitantes usan un sitio web y ayuda a crear un informe de an\u00e1lisis de c\u00f3mo est\u00e1 funcionando el sitio web. Los datos recopilados, incluidos el n\u00famero de visitantes, la fuente de d\u00f3nde han venido, y las p\u00e1ginas visitadas de forma an\u00f3nima.<\/td>\n<td>1 d\u00eda<\/td>\n<td>Anal\u00edtica<\/td>\n<\/tr>\n<tr>\n<td>_gat_UA-54897803-1<\/td>\n<td>Google<\/td>\n<td>Esta es una cookie de tipo patr\u00f3n establecida por Google Analytics, donde el elemento de patr\u00f3n del nombre contiene el n\u00famero de identidad \u00fanico de la cuenta o sitio web con que se relaciona. Es una variaci\u00f3n de la galleta _gato que se utiliza para limitar la cantidad de datos registrados por Google en los sitios web con un volumen elevado de tr\u00e1fico.<\/td>\n<td>1 minuto<\/td>\n<td>Anal\u00edtica<\/td>\n<\/tr>\n<tr>\n<td>_gcl_au<\/td>\n<td>Google<\/td>\n<td>Esta cookie la utiliza Google Analytics para entender la interacci\u00f3n del usuario con el sitio web.<\/td>\n<td>2 meses<\/td>\n<td>Anal\u00edtica<\/td>\n<\/tr>\n<\/thead>\n<\/table>\n<p>&nbsp;<\/p>\n<p>Esta p\u00e1gina web contiene enlaces en p\u00e1ginas web de terceros, las pol\u00edticas de privacidad de las cuales son ajenas al titular de esta web. Al acceder a estas p\u00e1ginas web usted puede decidir si acepta sus pol\u00edticas de privacidad y de cookies.<\/p>\n<p>Teniendo en cuenta la forma en la que funciona Internet y los sitios web, no siempre contamos con informaci\u00f3n de las cookies que colocan terceras partes a trav\u00e9s de nuestro sitio web. Esto se aplica especialmente a casos en los que nuestra p\u00e1gina web contiene lo que se denominan elementos integrados: textos, documentos, im\u00e1genes o breves pel\u00edculas que se almacenan en otra parte, pero se muestran en nuestro sitio web a trav\u00e9s del mismo.<\/p>\n<p>Por consiguiente, en caso de que se encuentre con este tipo de cookies en este sitio web y no est\u00e9n enumeradas en la lista anterior, le rogamos que nos lo comunique. O bien p\u00f3ngase en contacto directamente con el tercero para pedirle informaci\u00f3n sobre las cookies que coloca, la finalidad y la duraci\u00f3n, y como ha garantizado su privacidad.<\/p>\n<p>&nbsp;<\/p>\n<ol start=\"3\">\n<li><strong>DESACTIVAR O ELIMINAR <em>COOKIES<\/em><\/strong><\/li>\n<\/ol>\n<p>Tiene la posibilidad de configurar su navegador para ser avisado en pantalla de la recepci\u00f3n de cookies y para evitar su instalaci\u00f3n en su disco duro. Todos los navegadores permiten hacer cambios para desactivar la configuraci\u00f3n de las galletas. Estos ajustes se encuentran ubicados a las &#8220;opciones&#8221; o &#8220;preferencias&#8221; del men\u00fa de su navegador.<\/p>\n<p>Tenga en cuenta que, si acepta las cookies de terceros, <u>las<\/u> tendr\u00e1 que eliminar desde las opciones del navegador o desde el sistema ofrecido por el propio tercero.<\/p>\n<p>A continuaci\u00f3n, podr\u00e1 encontrar los links de cada navegador para desactivar las cookies siguiendo las instrucciones:<\/p>\n<p><strong>&#8211; Explorer:<\/strong> <a href=\"https:\/\/support.microsoft.com\/es-es\/help\/17442\/windows-internet-explorer-delete-manage-cookies\">https:\/\/support.microsoft.com\/es-es\/help\/17442\/windows-internet-explorer-delete-manage-<em>cookies<\/em><\/a><\/p>\n<p><strong>\u00a0&#8211; Firefox:<\/strong> <a href=\"http:\/\/goo.gl\/F5pHX\">http:\/\/goo.gl\/F5pHX<\/a><\/p>\n<p><strong>&#8211;<\/strong><strong>Chrome: <\/strong><a href=\"http:\/\/support.google.com\/chrome\/bin\/answer.py?hl=es&amp;answer=95647\">http:\/\/support.google.com\/chrome\/bin\/answer.py?hl=es&amp;answer=95647<\/a><\/p>\n<p><strong>&#8211; Google: <\/strong><a href=\"https:\/\/tools.google.com\/dlpage\/gaoptout?hl=es\">https:\/\/tools.google.com\/dlpage\/gaoptout?hl=es<\/a><\/p>\n<p><strong>&#8211; Safari:<\/strong> <a href=\"http:\/\/support.apple.com\/kb\/ph5042\">http:\/\/support.apple.com\/kb\/ph5042<\/a><\/p>\n<p><strong>&#8211; Opera:<\/strong> <a href=\"http:\/\/www.opera.com\/help\/tutorials\/security\/privacy\/\">http:\/\/www.opera.com\/help\/tutorials\/security\/privacy\/<\/a><\/p>\n<p>Le informamos, pero, que hay la posibilidad de que la desactivaci\u00f3n de alguna cookie impida o dificulte la navegaci\u00f3n o la prestaci\u00f3n de los servicios ofrecidos en esta web.<\/p>\n<p>&nbsp;<\/p>\n<ol start=\"4\">\n<li><strong> TRANSFERENCIAS INTERNACIONALS <\/strong><\/li>\n<\/ol>\n<p>El responsable de la web no realiza transferencias internacionales de las cookies propias.<\/p>\n<p>Puede informarse de las transferencias a terceros pa\u00edses que, si procede, realizan los terceros identificados en esta pol\u00edtica de cookies en sus correspondientes pol\u00edticas:<\/p>\n<ul>\n<li><strong>Google:<\/strong> <a href=\"https:\/\/policies.google.com\/privacy?hl=es\">https:\/\/policies.google.com\/privacy?hl=es<\/a><\/li>\n<li><strong>Facebook:<\/strong> <a href=\"https:\/\/www.facebook.com\/privacy\/explanation\">https:\/\/www.facebook.com\/privacy\/explanation<\/a><\/li>\n<li><strong>Simple Share Buttons Adder:<\/strong> <a href=\"https:\/\/simplesharebuttons.com\/privacy\/\">https:\/\/simplesharebuttons.com\/privacy\/<\/a><\/li>\n<\/ul>\n<p>&nbsp;<\/p>\n<ol start=\"5\">\n<li><strong> DECISIONES AUTOMATIZADAS<\/strong><\/li>\n<\/ol>\n<p>Estas cookies no se utilizan para la elaboraci\u00f3n de perfiles que impliquen una toma de decisiones automatizadas que puedan comportar efectos jur\u00eddicos para el usuario.<\/p>\n<p>&nbsp;<\/p>\n<ol start=\"6\">\n<li><strong> PERIODO DE CONSERVACI\u00d3N<\/strong><\/li>\n<\/ol>\n<p>Los datos personales obtenidos a partir del uso de las cookies ser\u00e1n conservados durante el plazo indicado en la columna descriptiva &#8220;Duraci\u00f3n&#8221; y, una vez finalizado este plazo, durante los plazos de prescripci\u00f3n legales aplicables seg\u00fan las diferentes finalidades. Transcurrido el plazo de prescripci\u00f3n, sus datos ser\u00e1n suprimidos.<\/p>\n<p>&nbsp;<\/p>\n<ol start=\"7\">\n<li><strong> M\u00c1S INFORMACI\u00d3N<\/strong><\/li>\n<\/ol>\n<p>Para m\u00e1s informaci\u00f3n sobre el tratamiento de sus datos puede consultar nuestra Pol\u00edtica de privacidad.<\/p>\n<p>Si tuviera alguna duda, comentario o sugerencia sobre la Pol\u00edtica de Cookies, puede dirigirse por escrito a la direcci\u00f3n de correo electr\u00f3nico <a href=\"mailto:dpd@caritas.barcelona\">dpd@caritas.barcelona<\/a>.<\/p>\n","protected":false},"excerpt":{"rendered":"<p>POL\u00cdTICA DE COOKIES DE LA WEB DE C\u00c1RITAS DIOCESANA DE BARCELONA &nbsp; Esta pol\u00edtica de cookies se elabora en el cumplimiento de las obligaciones previstas en el art\u00edculo 22.2 de [&hellip;]<\/p>\n","protected":false},"author":1,"featured_media":2839,"parent":0,"menu_order":0,"comment_status":"closed","ping_status":"closed","template":"","meta":{"footnotes":""},"class_list":["post-10223","page","type-page","status-publish","has-post-thumbnail","hentry"],"aioseo_notices":[],"_links":{"self":[{"href":"https:\/\/caritas.barcelona\/es\/wp-json\/wp\/v2\/pages\/10223","targetHints":{"allow":["GET"]}}],"collection":[{"href":"https:\/\/caritas.barcelona\/es\/wp-json\/wp\/v2\/pages"}],"about":[{"href":"https:\/\/caritas.barcelona\/es\/wp-json\/wp\/v2\/types\/page"}],"author":[{"embeddable":true,"href":"https:\/\/caritas.barcelona\/es\/wp-json\/wp\/v2\/users\/1"}],"replies":[{"embeddable":true,"href":"https:\/\/caritas.barcelona\/es\/wp-json\/wp\/v2\/comments?post=10223"}],"version-history":[{"count":5,"href":"https:\/\/caritas.barcelona\/es\/wp-json\/wp\/v2\/pages\/10223\/revisions"}],"predecessor-version":[{"id":10264,"href":"https:\/\/caritas.barcelona\/es\/wp-json\/wp\/v2\/pages\/10223\/revisions\/10264"}],"wp:featuredmedia":[{"embeddable":true,"href":"https:\/\/caritas.barcelona\/es\/wp-json\/wp\/v2\/media\/2839"}],"wp:attachment":[{"href":"https:\/\/caritas.barcelona\/es\/wp-json\/wp\/v2\/media?parent=10223"}],"curies":[{"name":"wp","href":"https:\/\/api.w.org\/{rel}","templated":true}]}}