{"id":102,"date":"2017-04-24T13:38:33","date_gmt":"2017-04-24T13:38:33","guid":{"rendered":"https:\/\/caritas.barcelona\/?page_id=102\/"},"modified":"2018-08-17T11:52:02","modified_gmt":"2018-08-17T09:52:02","slug":"entidades-colaboradoras","status":"publish","type":"page","link":"https:\/\/caritas.barcelona\/es\/entidades-colaboradoras\/","title":{"rendered":"Entidades colaboradoras"},"content":{"rendered":"<h4 class=\"fw400\" style=\"text-align: center\">C\u00e1ritas Diocesana de Barcelona cuenta con la implicaci\u00f3n de numerosos colaboradores.<br \/>\nA las aportaciones hechas por los socios y donantes particulares, tambi\u00e9n se suma el apoyo ofrecido por diversos organismos, instituciones y entidades tanto de car\u00e1cter p\u00fablico como privado.<\/h4>\n","protected":false},"excerpt":{"rendered":"<p>C\u00e1ritas Diocesana de Barcelona cuenta con la implicaci\u00f3n de numerosos colaboradores. A las aportaciones hechas por los socios y donantes particulares, tambi\u00e9n se suma el apoyo ofrecido por diversos organismos, [&hellip;]<\/p>\n","protected":false},"author":1,"featured_media":15222,"parent":0,"menu_order":0,"comment_status":"closed","ping_status":"closed","template":"page-template-entitats-colaboradores.php","meta":{"footnotes":""},"class_list":["post-102","page","type-page","status-publish","has-post-thumbnail","hentry"],"aioseo_notices":[],"_links":{"self":[{"href":"https:\/\/caritas.barcelona\/es\/wp-json\/wp\/v2\/pages\/102","targetHints":{"allow":["GET"]}}],"collection":[{"href":"https:\/\/caritas.barcelona\/es\/wp-json\/wp\/v2\/pages"}],"about":[{"href":"https:\/\/caritas.barcelona\/es\/wp-json\/wp\/v2\/types\/page"}],"author":[{"embeddable":true,"href":"https:\/\/caritas.barcelona\/es\/wp-json\/wp\/v2\/users\/1"}],"replies":[{"embeddable":true,"href":"https:\/\/caritas.barcelona\/es\/wp-json\/wp\/v2\/comments?post=102"}],"version-history":[{"count":5,"href":"https:\/\/caritas.barcelona\/es\/wp-json\/wp\/v2\/pages\/102\/revisions"}],"predecessor-version":[{"id":5189,"href":"https:\/\/caritas.barcelona\/es\/wp-json\/wp\/v2\/pages\/102\/revisions\/5189"}],"wp:featuredmedia":[{"embeddable":true,"href":"https:\/\/caritas.barcelona\/es\/wp-json\/wp\/v2\/media\/15222"}],"wp:attachment":[{"href":"https:\/\/caritas.barcelona\/es\/wp-json\/wp\/v2\/media?parent=102"}],"curies":[{"name":"wp","href":"https:\/\/api.w.org\/{rel}","templated":true}]}}